{"id":8806,"date":"2025-08-01T15:26:55","date_gmt":"2025-08-01T19:26:55","guid":{"rendered":"https:\/\/www.rqei.ca\/project-seeding\/"},"modified":"2025-11-10T14:32:55","modified_gmt":"2025-11-10T19:32:55","slug":"project-seeding","status":"publish","type":"page","link":"https:\/\/www.rqei.ca\/en\/project-seeding\/","title":{"rendered":"Project Seeding"},"content":{"rendered":"<div class=\"wpb-content-wrapper\"><p>[vc_row][vc_column][vc_column_text]<strong>Fran\u00e7ais (English below)<\/strong><\/p>\n<p>The program aims to provide funding to be used as a strategic lever to support the creation of research chairs, programs requiring complementary funding or promising projects (in terms of new collaborations between regular RQEI research members). It therefore aims to promote the emergence of collaborative and intersectoral projects in each of the RQEI&#8217;s research axes, while contributing to the advancement of scientific knowledge. This type of financing is quick to obtain and can also be used to prepare for the first phase of a project. Inter-school projects will be encouraged.<\/p>\n<p>In case of discrepancies or uncertainties regarding the English translation, please refer to the French version or contact the RQEI team.<\/p>\n<p>The RQEI team reserves the right to modify this program without notice. We invite you to always check that the version consulted is the most recent, by downloading the available versions here.<\/p>\n<p>2025-2026 budget: $120,000.<\/p>\n<p>October 7, 2025 &#8211; V2: Added more space to fill out the project summary and description.[\/vc_column_text][vc_btn title=&#8221;Financing V2 FRENCH 2025-2026&#8243; color=&#8221;warning&#8221; size=&#8221;lg&#8221; align=&#8221;center&#8221; link=&#8221;url:https%3A%2F%2Fwww.rqei.ca%2Fwp-content%2Fuploads%2F2025%2F10%2FRQEI2025-PROG-Amorcage-V2-FRA.docx|&#8221;][vc_column_text]<\/p>\n<hr>\n<p><strong>English<\/strong><\/p>\n<p>The program aims to provide funding to be used as a strategic lever to support the creation of research chairs, programs requiring additional funding or promising projects (in terms of new collaborations between regular RQEI research members). It is therefore designed to encourage the emergence of collaborative, cross-sector projects in each of RQEI&#8217;s research areas, while contributing to the advancement of scientific knowledge. Quick to obtain, this type of funding can also be used to prepare the first phase of a project. Inter-institutional projects are encouraged.<\/p>\n<p>In case of discrepancies or uncertainty regarding the English translation, please refer to the French version or contact the RQEI team.<\/p>\n<p>The RQEI team reserves the right to modify this program without prior notice. We strongly recommend always ensuring you are consulting the most recent version by downloading the available versions here.<\/p>\n<p>Budget for 2025-2026: $120,000.<\/p>\n<p>October 7, 2025 &#8211; V2: added more space to fill in the summary and description of the project.[\/vc_column_text][\/vc_column][\/vc_row][vc_row][vc_column][vc_empty_space height=&#8221;32&#8243;][\/vc_column][\/vc_row][vc_row][vc_column][vc_btn title=&#8221;Funding Program V2 ENGLISH 2025-2026&#8243; color=&#8221;warning&#8221; size=&#8221;lg&#8221; align=&#8221;center&#8221; link=&#8221;url:https%3A%2F%2Fwww.rqei.ca%2Fwp-content%2Fuploads%2F2025%2F10%2FRQEI2025-PROG-Amorcage-V2-ENG.docx|&#8221;][vc_empty_space][\/vc_column][\/vc_row]<\/p>\n<\/div>","protected":false},"excerpt":{"rendered":"<p>[vc_row][vc_column][vc_column_text]Fran\u00e7ais (English below) The program aims to provide funding to be used as a strategic lever to support the creation of research chairs, programs requiring complementary funding or promising projects (in terms of new collaborations between regular RQEI research members). It therefore aims to promote the emergence of collaborative and intersectoral projects in each of<\/p>\n","protected":false},"author":15,"featured_media":0,"parent":0,"menu_order":33,"comment_status":"closed","ping_status":"closed","template":"","meta":{"_monsterinsights_skip_tracking":false,"_monsterinsights_sitenote_active":false,"_monsterinsights_sitenote_note":"","_monsterinsights_sitenote_category":0,"_themeisle_gutenberg_block_has_review":false,"footnotes":""},"class_list":["post-8806","page","type-page","status-publish","hentry"],"yoast_head":"<!-- This site is optimized with the Yoast SEO plugin v24.5 - https:\/\/yoast.com\/wordpress\/plugins\/seo\/ -->\n<title>RQEI Quebec Smart Energy Network<\/title>\n<meta name=\"description\" content=\"RQEI Quebec Smart Energy Network\" \/>\n<meta name=\"robots\" content=\"index, follow, max-snippet:-1, max-image-preview:large, max-video-preview:-1\" \/>\n<link rel=\"canonical\" href=\"https:\/\/www.rqei.ca\/en\/project-seeding\/\" \/>\n<meta property=\"og:locale\" content=\"en_US\" \/>\n<meta property=\"og:type\" content=\"article\" \/>\n<meta property=\"og:title\" content=\"RQEI Quebec Smart Energy Network\" \/>\n<meta property=\"og:description\" content=\"RQEI Quebec Smart Energy Network\" \/>\n<meta property=\"og:url\" content=\"https:\/\/www.rqei.ca\/en\/project-seeding\/\" \/>\n<meta property=\"og:site_name\" content=\"RQEI\" \/>\n<meta property=\"article:modified_time\" content=\"2025-11-10T19:32:55+00:00\" \/>\n<meta name=\"twitter:card\" content=\"summary_large_image\" \/>\n<meta name=\"twitter:label1\" content=\"Est. reading time\" \/>\n\t<meta name=\"twitter:data1\" content=\"2 minutes\" \/>\n<script type=\"application\/ld+json\" class=\"yoast-schema-graph\">{\"@context\":\"https:\/\/schema.org\",\"@graph\":[{\"@type\":\"WebPage\",\"@id\":\"https:\/\/www.rqei.ca\/en\/project-seeding\/\",\"url\":\"https:\/\/www.rqei.ca\/en\/project-seeding\/\",\"name\":\"RQEI Quebec Smart Energy Network\",\"isPartOf\":{\"@id\":\"https:\/\/www.rqei.ca\/en\/#website\"},\"datePublished\":\"2025-08-01T19:26:55+00:00\",\"dateModified\":\"2025-11-10T19:32:55+00:00\",\"description\":\"RQEI Quebec Smart Energy Network\",\"breadcrumb\":{\"@id\":\"https:\/\/www.rqei.ca\/en\/project-seeding\/#breadcrumb\"},\"inLanguage\":\"en-US\",\"potentialAction\":[{\"@type\":\"ReadAction\",\"target\":[\"https:\/\/www.rqei.ca\/en\/project-seeding\/\"]}]},{\"@type\":\"BreadcrumbList\",\"@id\":\"https:\/\/www.rqei.ca\/en\/project-seeding\/#breadcrumb\",\"itemListElement\":[{\"@type\":\"ListItem\",\"position\":1,\"name\":\"Accueil\",\"item\":\"https:\/\/www.rqei.ca\/en\/\"},{\"@type\":\"ListItem\",\"position\":2,\"name\":\"Project Seeding\"}]},{\"@type\":\"WebSite\",\"@id\":\"https:\/\/www.rqei.ca\/en\/#website\",\"url\":\"https:\/\/www.rqei.ca\/en\/\",\"name\":\"RQEI\",\"description\":\"R\u00e9seau qu\u00e9b\u00e9cois sur l&#039;\u00e9nergie intelligente\",\"publisher\":{\"@id\":\"https:\/\/www.rqei.ca\/en\/#organization\"},\"potentialAction\":[{\"@type\":\"SearchAction\",\"target\":{\"@type\":\"EntryPoint\",\"urlTemplate\":\"https:\/\/www.rqei.ca\/en\/?s={search_term_string}\"},\"query-input\":{\"@type\":\"PropertyValueSpecification\",\"valueRequired\":true,\"valueName\":\"search_term_string\"}}],\"inLanguage\":\"en-US\"},{\"@type\":\"Organization\",\"@id\":\"https:\/\/www.rqei.ca\/en\/#organization\",\"name\":\"R\u00e9seau qu\u00e9b\u00e9cois sur l'\u00e9nergie intelligente\",\"url\":\"https:\/\/www.rqei.ca\/en\/\",\"logo\":{\"@type\":\"ImageObject\",\"inLanguage\":\"en-US\",\"@id\":\"https:\/\/www.rqei.ca\/en\/#\/schema\/logo\/image\/\",\"url\":\"https:\/\/www.rqei.ca\/wp-content\/uploads\/2019\/03\/frqnt_logo2.png\",\"contentUrl\":\"https:\/\/www.rqei.ca\/wp-content\/uploads\/2019\/03\/frqnt_logo2.png\",\"width\":958,\"height\":824,\"caption\":\"R\u00e9seau qu\u00e9b\u00e9cois sur l'\u00e9nergie intelligente\"},\"image\":{\"@id\":\"https:\/\/www.rqei.ca\/en\/#\/schema\/logo\/image\/\"}}]}<\/script>\n<!-- \/ Yoast SEO plugin. -->","yoast_head_json":{"title":"RQEI Quebec Smart Energy Network","description":"RQEI Quebec Smart Energy Network","robots":{"index":"index","follow":"follow","max-snippet":"max-snippet:-1","max-image-preview":"max-image-preview:large","max-video-preview":"max-video-preview:-1"},"canonical":"https:\/\/www.rqei.ca\/en\/project-seeding\/","og_locale":"en_US","og_type":"article","og_title":"RQEI Quebec Smart Energy Network","og_description":"RQEI Quebec Smart Energy Network","og_url":"https:\/\/www.rqei.ca\/en\/project-seeding\/","og_site_name":"RQEI","article_modified_time":"2025-11-10T19:32:55+00:00","twitter_card":"summary_large_image","twitter_misc":{"Est. reading time":"2 minutes"},"schema":{"@context":"https:\/\/schema.org","@graph":[{"@type":"WebPage","@id":"https:\/\/www.rqei.ca\/en\/project-seeding\/","url":"https:\/\/www.rqei.ca\/en\/project-seeding\/","name":"RQEI Quebec Smart Energy Network","isPartOf":{"@id":"https:\/\/www.rqei.ca\/en\/#website"},"datePublished":"2025-08-01T19:26:55+00:00","dateModified":"2025-11-10T19:32:55+00:00","description":"RQEI Quebec Smart Energy Network","breadcrumb":{"@id":"https:\/\/www.rqei.ca\/en\/project-seeding\/#breadcrumb"},"inLanguage":"en-US","potentialAction":[{"@type":"ReadAction","target":["https:\/\/www.rqei.ca\/en\/project-seeding\/"]}]},{"@type":"BreadcrumbList","@id":"https:\/\/www.rqei.ca\/en\/project-seeding\/#breadcrumb","itemListElement":[{"@type":"ListItem","position":1,"name":"Accueil","item":"https:\/\/www.rqei.ca\/en\/"},{"@type":"ListItem","position":2,"name":"Project Seeding"}]},{"@type":"WebSite","@id":"https:\/\/www.rqei.ca\/en\/#website","url":"https:\/\/www.rqei.ca\/en\/","name":"RQEI","description":"R\u00e9seau qu\u00e9b\u00e9cois sur l&#039;\u00e9nergie intelligente","publisher":{"@id":"https:\/\/www.rqei.ca\/en\/#organization"},"potentialAction":[{"@type":"SearchAction","target":{"@type":"EntryPoint","urlTemplate":"https:\/\/www.rqei.ca\/en\/?s={search_term_string}"},"query-input":{"@type":"PropertyValueSpecification","valueRequired":true,"valueName":"search_term_string"}}],"inLanguage":"en-US"},{"@type":"Organization","@id":"https:\/\/www.rqei.ca\/en\/#organization","name":"R\u00e9seau qu\u00e9b\u00e9cois sur l'\u00e9nergie intelligente","url":"https:\/\/www.rqei.ca\/en\/","logo":{"@type":"ImageObject","inLanguage":"en-US","@id":"https:\/\/www.rqei.ca\/en\/#\/schema\/logo\/image\/","url":"https:\/\/www.rqei.ca\/wp-content\/uploads\/2019\/03\/frqnt_logo2.png","contentUrl":"https:\/\/www.rqei.ca\/wp-content\/uploads\/2019\/03\/frqnt_logo2.png","width":958,"height":824,"caption":"R\u00e9seau qu\u00e9b\u00e9cois sur l'\u00e9nergie intelligente"},"image":{"@id":"https:\/\/www.rqei.ca\/en\/#\/schema\/logo\/image\/"}}]}},"_links":{"self":[{"href":"https:\/\/www.rqei.ca\/en\/wp-json\/wp\/v2\/pages\/8806","targetHints":{"allow":["GET"]}}],"collection":[{"href":"https:\/\/www.rqei.ca\/en\/wp-json\/wp\/v2\/pages"}],"about":[{"href":"https:\/\/www.rqei.ca\/en\/wp-json\/wp\/v2\/types\/page"}],"author":[{"embeddable":true,"href":"https:\/\/www.rqei.ca\/en\/wp-json\/wp\/v2\/users\/15"}],"replies":[{"embeddable":true,"href":"https:\/\/www.rqei.ca\/en\/wp-json\/wp\/v2\/comments?post=8806"}],"version-history":[{"count":0,"href":"https:\/\/www.rqei.ca\/en\/wp-json\/wp\/v2\/pages\/8806\/revisions"}],"wp:attachment":[{"href":"https:\/\/www.rqei.ca\/en\/wp-json\/wp\/v2\/media?parent=8806"}],"curies":[{"name":"wp","href":"https:\/\/api.w.org\/{rel}","templated":true}]}}