{"id":8808,"date":"2025-08-11T14:21:38","date_gmt":"2025-08-11T18:21:38","guid":{"rendered":"https:\/\/www.rqei.ca\/needs-of-the-community\/"},"modified":"2025-11-10T14:32:58","modified_gmt":"2025-11-10T19:32:58","slug":"needs-of-the-community","status":"publish","type":"page","link":"https:\/\/www.rqei.ca\/en\/needs-of-the-community\/","title":{"rendered":"Needs of the community"},"content":{"rendered":"<div class=\"wpb-content-wrapper\"><p>[vc_row][vc_column][vc_single_image image=&#8221;8815&#8243; img_size=&#8221;medium&#8221;][\/vc_column][\/vc_row][vc_row][vc_column][vc_empty_space][vc_column_text]<\/p>\n<p class=\"\" data-start=\"238\" data-end=\"536\"><span style=\"font-size: 12pt; font-family: georgia, palatino, serif;\">The <strong data-start=\"241\" data-end=\"298\">Regroupement qu\u00e9b\u00e9cois en \u00e9nergie intelligente (RQEI)<\/strong> and the <strong data-start=\"304\" data-end=\"324\">Escouade \u00c9nergie are<\/strong> pleased to announce the launch of a <strong data-start=\"369\" data-end=\"388\">call for projects <\/strong> based on community <strong data-start=\"369\" data-end=\"388\">needs to support <b> <\/b><b> <\/b><\/strong><strong data-start=\"369\" data-end=\"388\"><b>inter-level<\/b> research projects <b> in <\/b> green <b>hydrogen <\/b><b>and bioenergy.<\/b><\/strong><\/span><\/p>\n<p><span style=\"font-size: 12pt; font-family: georgia, palatino, serif;\">An amount of $350,000 will be allocated to inter-level research projects in response to the needs of the community, specifically:<\/span><\/p>\n<p><span style=\"font-size: 12pt; font-family: georgia, palatino, serif;\"><b>An<\/b><b>amount of $250,000 will be allocated to a technology showcase.<\/b><\/span><\/p>\n<p><span style=\"font-size: 12pt; font-family: georgia, palatino, serif;\"><b>These<\/b><b>amounts of $50,000 will be allocated to two <\/b><b>inter-level<\/b> research projects in response to the needs of the community. One of these research projects will have to be in the field of hydrogen; the other, in the field of bioenergy. <\/span><\/p>\n<p><span style=\"font-size: 12pt; font-family: georgia, palatino, serif;\"><b>Number of research projects funded: 3<\/b><\/span><\/p>\n<p><span style=\"font-size: 12pt; font-family: georgia, palatino, serif;\"><b>Duration<\/b><b>of funding: 12 months<\/b><\/span><\/p>\n<p class=\"\" data-start=\"538\" data-end=\"930\"><span style=\"font-size: 12pt; font-family: georgia, palatino, serif;\">This call is part <strong data-start=\"578\" data-end=\"606\">of a collaboration agreement<\/strong> between the two groups, made possible thanks to the <strong data-start=\"662\" data-end=\"799\">financial support of the Minist\u00e8re de l&#8217;Environnement, de la Lutte contre les changements climatiques, de la Faune et des Parcs (MELCCFP).<\/strong> The initiative aims to structure and strengthen inter-level research in these strategic sectors of the energy transition. <\/span><\/p>\n<p><span style=\"font-family: georgia, palatino, serif; font-size: 12pt;\">The information session on this call (objectives, modalities, evaluation criteria, important dates, identified themes and answers to questions) will be held <em>online<\/em> <strong><u>on Tuesday, September 2, 2025, at noon.<\/u><\/strong><\/span><\/p>\n<p><span style=\"font-family: georgia, palatino, serif; font-size: 12pt;\">Below is the Zoom link of the webinar recording: <a href=\"https:\/\/uqtr.zoom.us\/rec\/play\/7eE-bQaMF6Cl87s5iNvXQSTmNW41XtxLlWZ4kdQL0la3HeTC0rPkFXuoqYD3FaF3bO3uRvg8phjIVv4s.b3H6jDe_vdyo3uAy?eagerLoadZvaPages=sidemenu.billing.plan_management&amp;accessLevel=meeting&amp;canPlayFromShare=true&amp;from=share_recording_detail&amp;continueMode=true&amp;componentName=rec-play&amp;originRequestUrl=https%3A%2F%2Fuqtr.zoom.us%2Frec%2Fshare%2FMNYtnoltWni222pT8yKNIf7BUxAFHZAIphYiTxtVOmaVdDQ3hOghm6lI5mCqWGOM.GWDSzg9dcH_FdkFG\"><u>ZOOM LINK<\/u><\/a><\/span><\/p>\n<p><span style=\"font-size: 12pt; font-family: georgia, palatino, serif;\">Password to access the Zoom presentation: W%=vZ*4F<\/span><\/p>\n<p><span style=\"font-size: 12pt; font-family: georgia, palatino, serif;\">Here is the link to access the forms: <a href=\"https:\/\/www.rqei.ca\/wp-content\/uploads\/2025\/08\/interordresFINALGBelanger_FormulaireBesoinMilieu_20250723-003_SM.pdf\">FormulaireBesoinMilieu_2025<\/a><\/span><\/p>\n<p><span style=\"font-size: 12pt; font-family: georgia, palatino, serif;\"><a href=\"https:\/\/www.rqei.ca\/wp-content\/uploads\/2025\/08\/Presentation-appel-a-projet-Besoin-du-milieu-revSB.pptx\">Power Point Presentation<\/a><\/span><\/p>\n<p><span style=\"font-size: 12pt; font-family: georgia, palatino, serif;\">The completed project proposal must be submitted by email (RQEI@uqtr.ca) no later than October 3, 2025 at 11:59 p.m. (EST).<\/span><\/p>\n<p><span style=\"font-size: 12pt; font-family: georgia, palatino, serif;\">For any questions regarding this call for projects, please contact the following address: <a href=\"mailto:rqei@uqtr.ca\">rqei@uqtr.ca<\/a><\/span><\/p>\n<p><span style=\"font-size: 12pt; font-family: georgia, palatino, serif;\">This call for projects in the green hydrogen and bioenergy sector is made possible thanks to the financial support of the Government of Quebec and is in line with the objectives of <a href=\"https:\/\/www.quebec.ca\/gouvernement\/politiques-orientations\/plan-economie-verte\/gouvernance-diffusion-resultats\/description-actions-resultats\">the Plan for a Green Economy 203<\/a><\/span>[\/vc_column_text][vc_empty_space][\/vc_column][\/vc_row][vc_row][vc_column][vc_empty_space][\/vc_column][\/vc_row][vc_row][vc_column][vc_column_text]<img loading=\"lazy\" decoding=\"async\" class=\"alignleft size-large wp-image-8600\" src=\"https:\/\/www.rqei.ca\/wp-content\/uploads\/2025\/08\/PEV_partenaire-financier_couleurs-1024x264.png\" alt=\"\" width=\"1024\" height=\"264\" srcset=\"https:\/\/www.rqei.ca\/wp-content\/uploads\/2025\/08\/PEV_partenaire-financier_couleurs-1024x264.png 1024w, https:\/\/www.rqei.ca\/wp-content\/uploads\/2025\/08\/PEV_partenaire-financier_couleurs-300x77.png 300w, https:\/\/www.rqei.ca\/wp-content\/uploads\/2025\/08\/PEV_partenaire-financier_couleurs-768x198.png 768w, https:\/\/www.rqei.ca\/wp-content\/uploads\/2025\/08\/PEV_partenaire-financier_couleurs-1536x396.png 1536w, https:\/\/www.rqei.ca\/wp-content\/uploads\/2025\/08\/PEV_partenaire-financier_couleurs-900x232.png 900w, https:\/\/www.rqei.ca\/wp-content\/uploads\/2025\/08\/PEV_partenaire-financier_couleurs.png 1723w\" sizes=\"auto, (max-width: 1024px) 100vw, 1024px\" \/>[\/vc_column_text][\/vc_column][\/vc_row]<\/p>\n<\/div>","protected":false},"excerpt":{"rendered":"<p>[vc_row][vc_column][vc_single_image image=&#8221;8815&#8243; img_size=&#8221;medium&#8221;][\/vc_column][\/vc_row][vc_row][vc_column][vc_empty_space][vc_column_text] The Regroupement qu\u00e9b\u00e9cois en \u00e9nergie intelligente (RQEI) and the Escouade \u00c9nergie are pleased to announce the launch of a call for projects based on community needs to support inter-level research projects in green hydrogen and bioenergy. An amount of $350,000 will be allocated to inter-level research projects in response to the needs<\/p>\n","protected":false},"author":17,"featured_media":0,"parent":0,"menu_order":0,"comment_status":"closed","ping_status":"closed","template":"","meta":{"_monsterinsights_skip_tracking":false,"_monsterinsights_sitenote_active":false,"_monsterinsights_sitenote_note":"","_monsterinsights_sitenote_category":0,"_themeisle_gutenberg_block_has_review":false,"footnotes":""},"class_list":["post-8808","page","type-page","status-publish","hentry"],"yoast_head":"<!-- This site is optimized with the Yoast SEO plugin v24.5 - https:\/\/yoast.com\/wordpress\/plugins\/seo\/ -->\n<title>Needs of the community - RQEI<\/title>\n<meta name=\"robots\" content=\"index, follow, max-snippet:-1, max-image-preview:large, max-video-preview:-1\" \/>\n<link rel=\"canonical\" href=\"https:\/\/www.rqei.ca\/en\/needs-of-the-community\/\" \/>\n<meta property=\"og:locale\" content=\"en_US\" \/>\n<meta property=\"og:type\" content=\"article\" \/>\n<meta property=\"og:title\" content=\"Needs of the community - RQEI\" \/>\n<meta property=\"og:description\" content=\"[vc_row][vc_column][vc_single_image image=&#8221;8815&#8243; img_size=&#8221;medium&#8221;][\/vc_column][\/vc_row][vc_row][vc_column][vc_empty_space][vc_column_text] The Regroupement qu\u00e9b\u00e9cois en \u00e9nergie intelligente (RQEI) and the Escouade \u00c9nergie are pleased to announce the launch of a call for projects based on community needs to support inter-level research projects in green hydrogen and bioenergy. An amount of $350,000 will be allocated to inter-level research projects in response to the needs\" \/>\n<meta property=\"og:url\" content=\"https:\/\/www.rqei.ca\/en\/needs-of-the-community\/\" \/>\n<meta property=\"og:site_name\" content=\"RQEI\" \/>\n<meta property=\"article:modified_time\" content=\"2025-11-10T19:32:58+00:00\" \/>\n<meta property=\"og:image\" content=\"https:\/\/www.rqei.ca\/wp-content\/uploads\/2025\/08\/PEV_partenaire-financier_couleurs.png\" \/>\n\t<meta property=\"og:image:width\" content=\"1723\" \/>\n\t<meta property=\"og:image:height\" content=\"444\" \/>\n\t<meta property=\"og:image:type\" content=\"image\/png\" \/>\n<meta name=\"twitter:card\" content=\"summary_large_image\" \/>\n<meta name=\"twitter:label1\" content=\"Est. reading time\" \/>\n\t<meta name=\"twitter:data1\" content=\"2 minutes\" \/>\n<script type=\"application\/ld+json\" class=\"yoast-schema-graph\">{\"@context\":\"https:\/\/schema.org\",\"@graph\":[{\"@type\":\"WebPage\",\"@id\":\"https:\/\/www.rqei.ca\/en\/needs-of-the-community\/\",\"url\":\"https:\/\/www.rqei.ca\/en\/needs-of-the-community\/\",\"name\":\"Needs of the community - RQEI\",\"isPartOf\":{\"@id\":\"https:\/\/www.rqei.ca\/en\/#website\"},\"primaryImageOfPage\":{\"@id\":\"https:\/\/www.rqei.ca\/en\/needs-of-the-community\/#primaryimage\"},\"image\":{\"@id\":\"https:\/\/www.rqei.ca\/en\/needs-of-the-community\/#primaryimage\"},\"thumbnailUrl\":\"https:\/\/www.rqei.ca\/wp-content\/uploads\/2025\/08\/PEV_partenaire-financier_couleurs-1024x264.png\",\"datePublished\":\"2025-08-11T18:21:38+00:00\",\"dateModified\":\"2025-11-10T19:32:58+00:00\",\"breadcrumb\":{\"@id\":\"https:\/\/www.rqei.ca\/en\/needs-of-the-community\/#breadcrumb\"},\"inLanguage\":\"en-US\",\"potentialAction\":[{\"@type\":\"ReadAction\",\"target\":[\"https:\/\/www.rqei.ca\/en\/needs-of-the-community\/\"]}]},{\"@type\":\"ImageObject\",\"inLanguage\":\"en-US\",\"@id\":\"https:\/\/www.rqei.ca\/en\/needs-of-the-community\/#primaryimage\",\"url\":\"https:\/\/www.rqei.ca\/wp-content\/uploads\/2025\/08\/PEV_partenaire-financier_couleurs-1024x264.png\",\"contentUrl\":\"https:\/\/www.rqei.ca\/wp-content\/uploads\/2025\/08\/PEV_partenaire-financier_couleurs-1024x264.png\"},{\"@type\":\"BreadcrumbList\",\"@id\":\"https:\/\/www.rqei.ca\/en\/needs-of-the-community\/#breadcrumb\",\"itemListElement\":[{\"@type\":\"ListItem\",\"position\":1,\"name\":\"Accueil\",\"item\":\"https:\/\/www.rqei.ca\/en\/\"},{\"@type\":\"ListItem\",\"position\":2,\"name\":\"Needs of the community\"}]},{\"@type\":\"WebSite\",\"@id\":\"https:\/\/www.rqei.ca\/en\/#website\",\"url\":\"https:\/\/www.rqei.ca\/en\/\",\"name\":\"RQEI\",\"description\":\"R\u00e9seau qu\u00e9b\u00e9cois sur l&#039;\u00e9nergie intelligente\",\"publisher\":{\"@id\":\"https:\/\/www.rqei.ca\/en\/#organization\"},\"potentialAction\":[{\"@type\":\"SearchAction\",\"target\":{\"@type\":\"EntryPoint\",\"urlTemplate\":\"https:\/\/www.rqei.ca\/en\/?s={search_term_string}\"},\"query-input\":{\"@type\":\"PropertyValueSpecification\",\"valueRequired\":true,\"valueName\":\"search_term_string\"}}],\"inLanguage\":\"en-US\"},{\"@type\":\"Organization\",\"@id\":\"https:\/\/www.rqei.ca\/en\/#organization\",\"name\":\"R\u00e9seau qu\u00e9b\u00e9cois sur l'\u00e9nergie intelligente\",\"url\":\"https:\/\/www.rqei.ca\/en\/\",\"logo\":{\"@type\":\"ImageObject\",\"inLanguage\":\"en-US\",\"@id\":\"https:\/\/www.rqei.ca\/en\/#\/schema\/logo\/image\/\",\"url\":\"https:\/\/www.rqei.ca\/wp-content\/uploads\/2019\/03\/frqnt_logo2.png\",\"contentUrl\":\"https:\/\/www.rqei.ca\/wp-content\/uploads\/2019\/03\/frqnt_logo2.png\",\"width\":958,\"height\":824,\"caption\":\"R\u00e9seau qu\u00e9b\u00e9cois sur l'\u00e9nergie intelligente\"},\"image\":{\"@id\":\"https:\/\/www.rqei.ca\/en\/#\/schema\/logo\/image\/\"}}]}<\/script>\n<!-- \/ Yoast SEO plugin. -->","yoast_head_json":{"title":"Needs of the community - RQEI","robots":{"index":"index","follow":"follow","max-snippet":"max-snippet:-1","max-image-preview":"max-image-preview:large","max-video-preview":"max-video-preview:-1"},"canonical":"https:\/\/www.rqei.ca\/en\/needs-of-the-community\/","og_locale":"en_US","og_type":"article","og_title":"Needs of the community - RQEI","og_description":"[vc_row][vc_column][vc_single_image image=&#8221;8815&#8243; img_size=&#8221;medium&#8221;][\/vc_column][\/vc_row][vc_row][vc_column][vc_empty_space][vc_column_text] The Regroupement qu\u00e9b\u00e9cois en \u00e9nergie intelligente (RQEI) and the Escouade \u00c9nergie are pleased to announce the launch of a call for projects based on community needs to support inter-level research projects in green hydrogen and bioenergy. An amount of $350,000 will be allocated to inter-level research projects in response to the needs","og_url":"https:\/\/www.rqei.ca\/en\/needs-of-the-community\/","og_site_name":"RQEI","article_modified_time":"2025-11-10T19:32:58+00:00","og_image":[{"width":1723,"height":444,"url":"https:\/\/www.rqei.ca\/wp-content\/uploads\/2025\/08\/PEV_partenaire-financier_couleurs.png","type":"image\/png"}],"twitter_card":"summary_large_image","twitter_misc":{"Est. reading time":"2 minutes"},"schema":{"@context":"https:\/\/schema.org","@graph":[{"@type":"WebPage","@id":"https:\/\/www.rqei.ca\/en\/needs-of-the-community\/","url":"https:\/\/www.rqei.ca\/en\/needs-of-the-community\/","name":"Needs of the community - RQEI","isPartOf":{"@id":"https:\/\/www.rqei.ca\/en\/#website"},"primaryImageOfPage":{"@id":"https:\/\/www.rqei.ca\/en\/needs-of-the-community\/#primaryimage"},"image":{"@id":"https:\/\/www.rqei.ca\/en\/needs-of-the-community\/#primaryimage"},"thumbnailUrl":"https:\/\/www.rqei.ca\/wp-content\/uploads\/2025\/08\/PEV_partenaire-financier_couleurs-1024x264.png","datePublished":"2025-08-11T18:21:38+00:00","dateModified":"2025-11-10T19:32:58+00:00","breadcrumb":{"@id":"https:\/\/www.rqei.ca\/en\/needs-of-the-community\/#breadcrumb"},"inLanguage":"en-US","potentialAction":[{"@type":"ReadAction","target":["https:\/\/www.rqei.ca\/en\/needs-of-the-community\/"]}]},{"@type":"ImageObject","inLanguage":"en-US","@id":"https:\/\/www.rqei.ca\/en\/needs-of-the-community\/#primaryimage","url":"https:\/\/www.rqei.ca\/wp-content\/uploads\/2025\/08\/PEV_partenaire-financier_couleurs-1024x264.png","contentUrl":"https:\/\/www.rqei.ca\/wp-content\/uploads\/2025\/08\/PEV_partenaire-financier_couleurs-1024x264.png"},{"@type":"BreadcrumbList","@id":"https:\/\/www.rqei.ca\/en\/needs-of-the-community\/#breadcrumb","itemListElement":[{"@type":"ListItem","position":1,"name":"Accueil","item":"https:\/\/www.rqei.ca\/en\/"},{"@type":"ListItem","position":2,"name":"Needs of the community"}]},{"@type":"WebSite","@id":"https:\/\/www.rqei.ca\/en\/#website","url":"https:\/\/www.rqei.ca\/en\/","name":"RQEI","description":"R\u00e9seau qu\u00e9b\u00e9cois sur l&#039;\u00e9nergie intelligente","publisher":{"@id":"https:\/\/www.rqei.ca\/en\/#organization"},"potentialAction":[{"@type":"SearchAction","target":{"@type":"EntryPoint","urlTemplate":"https:\/\/www.rqei.ca\/en\/?s={search_term_string}"},"query-input":{"@type":"PropertyValueSpecification","valueRequired":true,"valueName":"search_term_string"}}],"inLanguage":"en-US"},{"@type":"Organization","@id":"https:\/\/www.rqei.ca\/en\/#organization","name":"R\u00e9seau qu\u00e9b\u00e9cois sur l'\u00e9nergie intelligente","url":"https:\/\/www.rqei.ca\/en\/","logo":{"@type":"ImageObject","inLanguage":"en-US","@id":"https:\/\/www.rqei.ca\/en\/#\/schema\/logo\/image\/","url":"https:\/\/www.rqei.ca\/wp-content\/uploads\/2019\/03\/frqnt_logo2.png","contentUrl":"https:\/\/www.rqei.ca\/wp-content\/uploads\/2019\/03\/frqnt_logo2.png","width":958,"height":824,"caption":"R\u00e9seau qu\u00e9b\u00e9cois sur l'\u00e9nergie intelligente"},"image":{"@id":"https:\/\/www.rqei.ca\/en\/#\/schema\/logo\/image\/"}}]}},"_links":{"self":[{"href":"https:\/\/www.rqei.ca\/en\/wp-json\/wp\/v2\/pages\/8808","targetHints":{"allow":["GET"]}}],"collection":[{"href":"https:\/\/www.rqei.ca\/en\/wp-json\/wp\/v2\/pages"}],"about":[{"href":"https:\/\/www.rqei.ca\/en\/wp-json\/wp\/v2\/types\/page"}],"author":[{"embeddable":true,"href":"https:\/\/www.rqei.ca\/en\/wp-json\/wp\/v2\/users\/17"}],"replies":[{"embeddable":true,"href":"https:\/\/www.rqei.ca\/en\/wp-json\/wp\/v2\/comments?post=8808"}],"version-history":[{"count":0,"href":"https:\/\/www.rqei.ca\/en\/wp-json\/wp\/v2\/pages\/8808\/revisions"}],"wp:attachment":[{"href":"https:\/\/www.rqei.ca\/en\/wp-json\/wp\/v2\/media?parent=8808"}],"curies":[{"name":"wp","href":"https:\/\/api.w.org\/{rel}","templated":true}]}}