{"id":8879,"date":"2020-10-15T21:58:10","date_gmt":"2020-10-16T01:58:10","guid":{"rendered":"https:\/\/www.rqei.ca\/results-2020-first-competition\/"},"modified":"2025-11-10T14:35:10","modified_gmt":"2025-11-10T19:35:10","slug":"results-2020-first-competition","status":"publish","type":"page","link":"https:\/\/www.rqei.ca\/en\/results-2020-first-competition\/","title":{"rendered":"Results 2020 &#8211; first competition"},"content":{"rendered":"<div class=\"wpb-content-wrapper\"><p>[vc_row][vc_column][vc_empty_space][vc_column_text]<\/p>\n<h1>Results 2020 &#8211; first competition<\/h1>\n<p>18 projects funded for a total of $222,000.[\/vc_column_text][vc_empty_space][\/vc_column][\/vc_row][vc_row][vc_column width=&#8221;1\/3&#8243;][vc_hoverbox image=&#8221;8880&#8243; primary_title=&#8221;Students&#8221; primary_align=&#8221;right&#8221; primary_title_font_container=&#8221;color:%23dd9933&#8243; hover_title=&#8221;Students&#8221; hover_align=&#8221;right&#8221; align=&#8221;left&#8221; hover_btn_title=&#8221;Results&#8221; hover_btn_color=&#8221;warning&#8221; use_custom_fonts_primary_title=&#8221;true&#8221; hover_add_button=&#8221;true&#8221; hover_btn_link=&#8221;url:%23table-id-1|&#8221;][\/vc_hoverbox][\/vc_column][vc_column width=&#8221;1\/3&#8243;][vc_hoverbox image=&#8221;8881&#8243; primary_title=&#8221;Researchers&#8221; primary_align=&#8221;right&#8221; primary_title_font_container=&#8221;color:%23dd9933&#8243; hover_title=&#8221;Researchers&#8221; hover_align=&#8221;right&#8221; align=&#8221;left&#8221; hover_btn_title=&#8221;Results&#8221; hover_btn_color=&#8221;warning&#8221; use_custom_fonts_primary_title=&#8221;true&#8221; hover_add_button=&#8221;true&#8221; hover_btn_link=&#8221;url:%23table-id-2|&#8221; primary_title_link=&#8221;|||&#8221;][\/vc_hoverbox][\/vc_column][vc_column width=&#8221;1\/3&#8243;][vc_hoverbox image=&#8221;8882&#8243; primary_title=&#8221;Equipment and infrastructure&#8221; primary_align=&#8221;right&#8221; primary_title_font_container=&#8221;color:%23dd9933&#8243; hover_title=&#8221;Equipment and infrastructure&#8221; hover_align=&#8221;right&#8221; align=&#8221;left&#8221; hover_btn_title=&#8221;Results&#8221; hover_btn_color=&#8221;warning&#8221; use_custom_fonts_primary_title=&#8221;true&#8221; hover_add_button=&#8221;true&#8221; hover_btn_link=&#8221;url:%23table-id-4|&#8221; primary_title_link=&#8221;url:https%3A%2F%2Fwww.rqei.ca%2Ffinancement%2Finfrastructure%2F|&#8221;][\/vc_hoverbox][\/vc_column][vc_column][vc_empty_space][vc_empty_space][\/vc_column][\/vc_row][vc_row][vc_column][vc_column_text]<\/p>\n<h3 id=\"table-id-1\"><strong>Student competition 2020<\/strong><\/h3>\n\n<table id=\"tablepress-1\" class=\"tablepress tablepress-id-1\">\n<thead>\n<tr class=\"row-1\">\n\t<th class=\"column-1\"><strong>\u00c9tudiant.e<\/strong><\/th><th class=\"column-2\"><strong>\u00c9tablissement<\/strong><\/th><th class=\"column-3\"><strong>Superviseurs<\/strong><\/th><th class=\"column-4\"><strong>Titre du projet<\/strong><\/th>\n<\/tr>\n<\/thead>\n<tbody class=\"row-striping row-hover\">\n<tr class=\"row-2\">\n\t<td class=\"column-1\">Tamanwe Payarou<\/td><td class=\"column-2\">Concordia<\/td><td class=\"column-3\">Pragasen Pillay, Sousso Kelouwani<\/td><td class=\"column-4\">Braking of Electric Vehicles and Handling the Surge Current using the Multipurpose Power Electronics Interface<\/td>\n<\/tr>\n<tr class=\"row-3\">\n\t<td class=\"column-1\">Elena Ulate Kolitsky<\/td><td class=\"column-2\">UQTR<\/td><td class=\"column-3\">Jacques Huot, Bernard Tougas<\/td><td class=\"column-4\">\u00c9tude d'alliages \u00e0 base de TiFe et effet du laminage \u00e0 froid sur son activation pour une application de stockage d'hydrog\u00e8ne<\/td>\n<\/tr>\n<tr class=\"row-4\">\n\t<td class=\"column-1\">Alvaro Ormar Macias Fernandez<\/td><td class=\"column-2\">UQTR<\/td><td class=\"column-3\">Lo\u00efc Boulon, Jo\u00e3o Pedro F. Trov\u00e3o<\/td><td class=\"column-4\">Passive hybridation de la pile \u00e0 combustible \u00e0 hydrog\u00e8ne et le condensateur au lithium pour des applications v\u00e9hiculaires<\/td>\n<\/tr>\n<tr class=\"row-5\">\n\t<td class=\"column-1\">Marie Meulemans<\/td><td class=\"column-2\">McGill<\/td><td class=\"column-3\">Jeffrey Bergthorson, Gilles Bourque<\/td><td class=\"column-4\">\u00c9tude exp\u00e9rimentale de la stabilisation et des \u00e9missions de NO de flammes d\u2019hydrog\u00e8ne dilu\u00e9es \u00e0 la vapeur d\u2019eau<\/td>\n<\/tr>\n<tr class=\"row-6\">\n\t<td class=\"column-1\">Jaidur Rahman<\/td><td class=\"column-2\">UQAT<\/td><td class=\"column-3\">Tahar Tafticht,  Mamadou Doumbia<\/td><td class=\"column-4\">Integration of distributed generation along with energy storage system to reduce the high penetration impacts of renewable energy sources into the power grid<\/td>\n<\/tr>\n<tr class=\"row-7\">\n\t<td class=\"column-1\">Benjamin Francolini\t<\/td><td class=\"column-2\">McGill<\/td><td class=\"column-3\">Jeffrey Bergthorson,  Gilles Bourque<\/td><td class=\"column-4\">Etude sur la diffusion differentielle des flammes a faible tourbillonnement de melange pauvre enrichi avec l'hydrogene<\/td>\n<\/tr>\n<tr class=\"row-8\">\n\t<td class=\"column-1\">Antoine Durocher\t<\/td><td class=\"column-2\">McGill<\/td><td class=\"column-3\">Jeffrey Bergthorson,  Gilles Bourque<\/td><td class=\"column-4\">Quantification d'incertitudes et optimisation de mod\u00e8les chimiques pour pr\u00e9dire les \u00e9missions polluantes produites par les turbines \u00e0 gaz<\/td>\n<\/tr>\n<tr class=\"row-9\">\n\t<td class=\"column-1\">Thang Van Do<\/td><td class=\"column-2\">Sherbrooke<\/td><td class=\"column-3\">Jo\u00e3o Pedro F. Trov\u00e3o, Lo\u00efc Boulon<\/td><td class=\"column-4\">Cha\u00eene de traction multi-source PAC\/LIC utilisant une topologie Z-source et technologie GaN<\/td>\n<\/tr>\n<tr class=\"row-10\">\n\t<td class=\"column-1\">Sadaf Rahimi Far<\/td><td class=\"column-2\">\u00c9TS<\/td><td class=\"column-3\">Ambrish Chandra,  Innocent Kanwa<\/td><td class=\"column-4\">Real-time simulation of grid-connected PV systems integrated to multi-agent control using FPGA<\/td>\n<\/tr>\n<\/tbody>\n<\/table>\n\n<p>&nbsp;<\/p>\n<h3 id=\"table-id-2\"><strong>Research Grants for New and College Researchers 2020<\/strong><\/h3>\n\n<table id=\"tablepress-2\" class=\"tablepress tablepress-id-2\">\n<thead>\n<tr class=\"row-1\">\n\t<th class=\"column-1\"><strong>Chercheurs<\/strong><\/th><th class=\"column-2\"><strong>\u00c9tablissements<\/strong><\/th><th class=\"column-3\"><strong>Titre du projet<\/strong><\/th>\n<\/tr>\n<\/thead>\n<tbody class=\"row-striping row-hover\">\n<tr class=\"row-2\">\n\t<td class=\"column-1\">Bernard Tougas, Jacques Huot<\/td><td class=\"column-2\">CMQ, UQTR<\/td><td class=\"column-3\">D\u00e9tection et mesure de la quantit\u00e9 d'hydrog\u00e8ne dans les aciers dans des conditions proches de leurs utilisations industrielles \t<\/td>\n<\/tr>\n<\/tbody>\n<\/table>\n\n<h3><strong>2020 Tri-institutional Research Grants<\/strong><\/h3>\n\n<table id=\"tablepress-3\" class=\"tablepress tablepress-id-3\">\n<thead>\n<tr class=\"row-1\">\n\t<th class=\"column-1\"><strong>Chercheurs<\/strong><\/th><th class=\"column-2\"><strong>\u00c9tablissements<\/strong><\/th><th class=\"column-3\"><strong>Titre du projet<\/strong><\/th>\n<\/tr>\n<\/thead>\n<tbody class=\"row-striping row-hover\">\n<tr class=\"row-2\">\n\t<td class=\"column-1\">Roland Malham\u00e9, Geza Joos\t<\/td><td class=\"column-2\">Polytechnique, McGill<\/td><td class=\"column-3\">A federation of solar powered large electrical vehicle parking lots coordinated as a virtual power plant<\/td>\n<\/tr>\n<tr class=\"row-3\">\n\t<td class=\"column-1\">S\u00e9bastien Poncet, Simon Barnab\u00e9<\/td><td class=\"column-2\">Sherbrooke, UQTR<\/td><td class=\"column-3\">D\u00e9veloppement d'un moteur fonctionnant \u00e0 la biomasse bas\u00e9 sur un cycle de Brayton r\u00e9g\u00e9n\u00e9ratif avec s\u00e9chage et pyrolyse int\u00e9gr\u00e9s<\/td>\n<\/tr>\n<tr class=\"row-4\">\n\t<td class=\"column-1\">Louis Gosselin, S\u00e9bastien Poncet,  Simon Barnab\u00e9, Didier Haillot<\/td><td class=\"column-2\">Laval, Sherbrooke, UQTR, \u00c9TS<\/td><td class=\"column-3\">Vers des campus intelligents pour la gestion \u00e9nerg\u00e9tique - Premi\u00e8re phase d'une application mobile pour les communaut\u00e9s universitaires<\/td>\n<\/tr>\n<tr class=\"row-5\">\n\t<td class=\"column-1\"> Adam\tDuong, Daniel Guay<\/td><td class=\"column-2\">UQTR, INRS<\/td><td class=\"column-3\">Conception d\u2019\u00e9lectrodes pour supercapaciteurs bas\u00e9e sur les Metal\u2212Organic Frameworks combin\u00e9s \u00e0 des polym\u00e8res organiques<\/td>\n<\/tr>\n<\/tbody>\n<\/table>\n\n<p>&nbsp;<\/p>\n<h3 id=\"table-id-4\">Grants for the Pooling and Use of Research Infrastructure 2020<\/h3>\n\n<table id=\"tablepress-4\" class=\"tablepress tablepress-id-4\">\n<thead>\n<tr class=\"row-1\">\n\t<th class=\"column-1\"><strong>Chercheurs<\/strong><\/th><th class=\"column-2\"><strong>\u00c9tablissements<\/strong><\/th><th class=\"column-3\"><strong>Titre du projet<\/strong><\/th>\n<\/tr>\n<\/thead>\n<tbody class=\"row-striping row-hover\">\n<tr class=\"row-2\">\n\t<td class=\"column-1\">Pragasen\tPillay, Sousso Kelouwani<\/td><td class=\"column-2\">Concordia, UQTR<\/td><td class=\"column-3\">Optimization of Electric Vehicle Drive-Train for Regenerative Braking Energy Recovery<\/td>\n<\/tr>\n<tr class=\"row-3\">\n\t<td class=\"column-1\">Sergio Gualteros, Yves Poissant\t<\/td><td class=\"column-2\">Nergica, Canmet\u00c9nergie<\/td><td class=\"column-3\">Partage des donn\u00e9es du parc solaire photovolta\u00efque de Nergica avec Canmet\u00c9NERGIE<\/td>\n<\/tr>\n<tr class=\"row-4\">\n\t<td class=\"column-1\">Jacques Huot, Bernard Tougas<\/td><td class=\"column-2\">UQTR, CMQ<\/td><td class=\"column-3\">Appareillage servant \u00e0 appuyer la demande 'D\u00e9tection et mesure de la quantit\u00e9 d'hydrog\u00e8ne dans les aciers dans des conditions proches de leurs utilisations industrielles'<\/td>\n<\/tr>\n<tr class=\"row-5\">\n\t<td class=\"column-1\">Maxime Darnon, Karim Belmokhtar\t<\/td><td class=\"column-2\">Sherbrooke, Nergica<\/td><td class=\"column-3\">Plateforme d'\u00e9change de donn\u00e9es de production du parc solaire de l'Universit\u00e9 de Sherbrooke<\/td>\n<\/tr>\n<\/tbody>\n<\/table>\n\n<p>&nbsp;<\/p>\n<p>[\/vc_column_text][\/vc_column][\/vc_row][vc_row][vc_column][\/vc_column][vc_column][\/vc_column][\/vc_row]<\/p>\n<\/div>","protected":false},"excerpt":{"rendered":"<p>[vc_row][vc_column][vc_empty_space][vc_column_text] Results 2020 &#8211; first competition 18 projects funded for a total of $222,000.[\/vc_column_text][vc_empty_space][\/vc_column][\/vc_row][vc_row][vc_column width=&#8221;1\/3&#8243;][vc_hoverbox image=&#8221;8880&#8243; primary_title=&#8221;Students&#8221; primary_align=&#8221;right&#8221; primary_title_font_container=&#8221;color:%23dd9933&#8243; hover_title=&#8221;Students&#8221; hover_align=&#8221;right&#8221; align=&#8221;left&#8221; hover_btn_title=&#8221;Results&#8221; hover_btn_color=&#8221;warning&#8221; use_custom_fonts_primary_title=&#8221;true&#8221; hover_add_button=&#8221;true&#8221; hover_btn_link=&#8221;url:%23table-id-1|&#8221;][\/vc_hoverbox][\/vc_column][vc_column width=&#8221;1\/3&#8243;][vc_hoverbox image=&#8221;8881&#8243; primary_title=&#8221;Researchers&#8221; primary_align=&#8221;right&#8221; primary_title_font_container=&#8221;color:%23dd9933&#8243; hover_title=&#8221;Researchers&#8221; hover_align=&#8221;right&#8221; align=&#8221;left&#8221; hover_btn_title=&#8221;Results&#8221; hover_btn_color=&#8221;warning&#8221; use_custom_fonts_primary_title=&#8221;true&#8221; hover_add_button=&#8221;true&#8221; hover_btn_link=&#8221;url:%23table-id-2|&#8221; primary_title_link=&#8221;|||&#8221;][\/vc_hoverbox][\/vc_column][vc_column width=&#8221;1\/3&#8243;][vc_hoverbox image=&#8221;8882&#8243; primary_title=&#8221;Equipment and infrastructure&#8221; primary_align=&#8221;right&#8221; primary_title_font_container=&#8221;color:%23dd9933&#8243; hover_title=&#8221;Equipment and infrastructure&#8221; hover_align=&#8221;right&#8221; align=&#8221;left&#8221; hover_btn_title=&#8221;Results&#8221; hover_btn_color=&#8221;warning&#8221;<\/p>\n","protected":false},"author":10,"featured_media":0,"parent":0,"menu_order":33,"comment_status":"closed","ping_status":"closed","template":"","meta":{"_monsterinsights_skip_tracking":false,"_monsterinsights_sitenote_active":false,"_monsterinsights_sitenote_note":"","_monsterinsights_sitenote_category":0,"_themeisle_gutenberg_block_has_review":false,"footnotes":""},"class_list":["post-8879","page","type-page","status-publish","hentry"],"yoast_head":"<!-- This site is optimized with the Yoast SEO plugin v24.5 - https:\/\/yoast.com\/wordpress\/plugins\/seo\/ -->\n<title>RQEI Quebec Smart Energy Network<\/title>\n<meta name=\"description\" content=\"RQEI Quebec Smart Energy Network\" \/>\n<meta name=\"robots\" content=\"index, follow, max-snippet:-1, max-image-preview:large, max-video-preview:-1\" \/>\n<link rel=\"canonical\" href=\"https:\/\/www.rqei.ca\/en\/results-2020-first-competition\/\" \/>\n<meta property=\"og:locale\" content=\"en_US\" \/>\n<meta property=\"og:type\" content=\"article\" \/>\n<meta property=\"og:title\" content=\"RQEI Quebec Smart Energy Network\" \/>\n<meta property=\"og:description\" content=\"RQEI Quebec Smart Energy Network\" \/>\n<meta property=\"og:url\" content=\"https:\/\/www.rqei.ca\/en\/results-2020-first-competition\/\" \/>\n<meta property=\"og:site_name\" content=\"RQEI\" \/>\n<meta property=\"article:modified_time\" content=\"2025-11-10T19:35:10+00:00\" \/>\n<meta name=\"twitter:card\" content=\"summary_large_image\" \/>\n<meta name=\"twitter:label1\" content=\"Est. reading time\" \/>\n\t<meta name=\"twitter:data1\" content=\"1 minute\" \/>\n<script type=\"application\/ld+json\" class=\"yoast-schema-graph\">{\"@context\":\"https:\/\/schema.org\",\"@graph\":[{\"@type\":\"WebPage\",\"@id\":\"https:\/\/www.rqei.ca\/en\/results-2020-first-competition\/\",\"url\":\"https:\/\/www.rqei.ca\/en\/results-2020-first-competition\/\",\"name\":\"RQEI Quebec Smart Energy Network\",\"isPartOf\":{\"@id\":\"https:\/\/www.rqei.ca\/en\/#website\"},\"datePublished\":\"2020-10-16T01:58:10+00:00\",\"dateModified\":\"2025-11-10T19:35:10+00:00\",\"description\":\"RQEI Quebec Smart Energy Network\",\"breadcrumb\":{\"@id\":\"https:\/\/www.rqei.ca\/en\/results-2020-first-competition\/#breadcrumb\"},\"inLanguage\":\"en-US\",\"potentialAction\":[{\"@type\":\"ReadAction\",\"target\":[\"https:\/\/www.rqei.ca\/en\/results-2020-first-competition\/\"]}]},{\"@type\":\"BreadcrumbList\",\"@id\":\"https:\/\/www.rqei.ca\/en\/results-2020-first-competition\/#breadcrumb\",\"itemListElement\":[{\"@type\":\"ListItem\",\"position\":1,\"name\":\"Accueil\",\"item\":\"https:\/\/www.rqei.ca\/en\/\"},{\"@type\":\"ListItem\",\"position\":2,\"name\":\"Results 2020 &#8211; first competition\"}]},{\"@type\":\"WebSite\",\"@id\":\"https:\/\/www.rqei.ca\/en\/#website\",\"url\":\"https:\/\/www.rqei.ca\/en\/\",\"name\":\"RQEI\",\"description\":\"R\u00e9seau qu\u00e9b\u00e9cois sur l&#039;\u00e9nergie intelligente\",\"publisher\":{\"@id\":\"https:\/\/www.rqei.ca\/en\/#organization\"},\"potentialAction\":[{\"@type\":\"SearchAction\",\"target\":{\"@type\":\"EntryPoint\",\"urlTemplate\":\"https:\/\/www.rqei.ca\/en\/?s={search_term_string}\"},\"query-input\":{\"@type\":\"PropertyValueSpecification\",\"valueRequired\":true,\"valueName\":\"search_term_string\"}}],\"inLanguage\":\"en-US\"},{\"@type\":\"Organization\",\"@id\":\"https:\/\/www.rqei.ca\/en\/#organization\",\"name\":\"R\u00e9seau qu\u00e9b\u00e9cois sur l'\u00e9nergie intelligente\",\"url\":\"https:\/\/www.rqei.ca\/en\/\",\"logo\":{\"@type\":\"ImageObject\",\"inLanguage\":\"en-US\",\"@id\":\"https:\/\/www.rqei.ca\/en\/#\/schema\/logo\/image\/\",\"url\":\"https:\/\/www.rqei.ca\/wp-content\/uploads\/2019\/03\/frqnt_logo2.png\",\"contentUrl\":\"https:\/\/www.rqei.ca\/wp-content\/uploads\/2019\/03\/frqnt_logo2.png\",\"width\":958,\"height\":824,\"caption\":\"R\u00e9seau qu\u00e9b\u00e9cois sur l'\u00e9nergie intelligente\"},\"image\":{\"@id\":\"https:\/\/www.rqei.ca\/en\/#\/schema\/logo\/image\/\"}}]}<\/script>\n<!-- \/ Yoast SEO plugin. -->","yoast_head_json":{"title":"RQEI Quebec Smart Energy Network","description":"RQEI Quebec Smart Energy Network","robots":{"index":"index","follow":"follow","max-snippet":"max-snippet:-1","max-image-preview":"max-image-preview:large","max-video-preview":"max-video-preview:-1"},"canonical":"https:\/\/www.rqei.ca\/en\/results-2020-first-competition\/","og_locale":"en_US","og_type":"article","og_title":"RQEI Quebec Smart Energy Network","og_description":"RQEI Quebec Smart Energy Network","og_url":"https:\/\/www.rqei.ca\/en\/results-2020-first-competition\/","og_site_name":"RQEI","article_modified_time":"2025-11-10T19:35:10+00:00","twitter_card":"summary_large_image","twitter_misc":{"Est. reading time":"1 minute"},"schema":{"@context":"https:\/\/schema.org","@graph":[{"@type":"WebPage","@id":"https:\/\/www.rqei.ca\/en\/results-2020-first-competition\/","url":"https:\/\/www.rqei.ca\/en\/results-2020-first-competition\/","name":"RQEI Quebec Smart Energy Network","isPartOf":{"@id":"https:\/\/www.rqei.ca\/en\/#website"},"datePublished":"2020-10-16T01:58:10+00:00","dateModified":"2025-11-10T19:35:10+00:00","description":"RQEI Quebec Smart Energy Network","breadcrumb":{"@id":"https:\/\/www.rqei.ca\/en\/results-2020-first-competition\/#breadcrumb"},"inLanguage":"en-US","potentialAction":[{"@type":"ReadAction","target":["https:\/\/www.rqei.ca\/en\/results-2020-first-competition\/"]}]},{"@type":"BreadcrumbList","@id":"https:\/\/www.rqei.ca\/en\/results-2020-first-competition\/#breadcrumb","itemListElement":[{"@type":"ListItem","position":1,"name":"Accueil","item":"https:\/\/www.rqei.ca\/en\/"},{"@type":"ListItem","position":2,"name":"Results 2020 &#8211; first competition"}]},{"@type":"WebSite","@id":"https:\/\/www.rqei.ca\/en\/#website","url":"https:\/\/www.rqei.ca\/en\/","name":"RQEI","description":"R\u00e9seau qu\u00e9b\u00e9cois sur l&#039;\u00e9nergie intelligente","publisher":{"@id":"https:\/\/www.rqei.ca\/en\/#organization"},"potentialAction":[{"@type":"SearchAction","target":{"@type":"EntryPoint","urlTemplate":"https:\/\/www.rqei.ca\/en\/?s={search_term_string}"},"query-input":{"@type":"PropertyValueSpecification","valueRequired":true,"valueName":"search_term_string"}}],"inLanguage":"en-US"},{"@type":"Organization","@id":"https:\/\/www.rqei.ca\/en\/#organization","name":"R\u00e9seau qu\u00e9b\u00e9cois sur l'\u00e9nergie intelligente","url":"https:\/\/www.rqei.ca\/en\/","logo":{"@type":"ImageObject","inLanguage":"en-US","@id":"https:\/\/www.rqei.ca\/en\/#\/schema\/logo\/image\/","url":"https:\/\/www.rqei.ca\/wp-content\/uploads\/2019\/03\/frqnt_logo2.png","contentUrl":"https:\/\/www.rqei.ca\/wp-content\/uploads\/2019\/03\/frqnt_logo2.png","width":958,"height":824,"caption":"R\u00e9seau qu\u00e9b\u00e9cois sur l'\u00e9nergie intelligente"},"image":{"@id":"https:\/\/www.rqei.ca\/en\/#\/schema\/logo\/image\/"}}]}},"_links":{"self":[{"href":"https:\/\/www.rqei.ca\/en\/wp-json\/wp\/v2\/pages\/8879","targetHints":{"allow":["GET"]}}],"collection":[{"href":"https:\/\/www.rqei.ca\/en\/wp-json\/wp\/v2\/pages"}],"about":[{"href":"https:\/\/www.rqei.ca\/en\/wp-json\/wp\/v2\/types\/page"}],"author":[{"embeddable":true,"href":"https:\/\/www.rqei.ca\/en\/wp-json\/wp\/v2\/users\/10"}],"replies":[{"embeddable":true,"href":"https:\/\/www.rqei.ca\/en\/wp-json\/wp\/v2\/comments?post=8879"}],"version-history":[{"count":0,"href":"https:\/\/www.rqei.ca\/en\/wp-json\/wp\/v2\/pages\/8879\/revisions"}],"wp:attachment":[{"href":"https:\/\/www.rqei.ca\/en\/wp-json\/wp\/v2\/media?parent=8879"}],"curies":[{"name":"wp","href":"https:\/\/api.w.org\/{rel}","templated":true}]}}