{"id":8904,"date":"2020-11-29T10:26:11","date_gmt":"2020-11-29T15:26:11","guid":{"rendered":"https:\/\/www.rqei.ca\/results-2020-second-competition\/"},"modified":"2025-11-10T14:35:14","modified_gmt":"2025-11-10T19:35:14","slug":"results-2020-second-competition","status":"publish","type":"page","link":"https:\/\/www.rqei.ca\/en\/results-2020-second-competition\/","title":{"rendered":"Results 2020 &#8211; second competition"},"content":{"rendered":"<div class=\"wpb-content-wrapper\"><p>[vc_row][vc_column][vc_empty_space][vc_column_text]<\/p>\n<h1>Results 2020 &#8211; second competition<\/h1>\n<p>10 projects funded for a total of $120,000.[\/vc_column_text][vc_empty_space][\/vc_column][\/vc_row][vc_row][vc_column width=&#8221;1\/3&#8243;][vc_hoverbox image=&#8221;8896&#8243; primary_title=&#8221;Showcase project&#8221; primary_align=&#8221;right&#8221; primary_title_font_container=&#8221;color:%23dd9933&#8243; hover_title=&#8221;Showcase project&#8221; hover_align=&#8221;right&#8221; align=&#8221;left&#8221; hover_btn_title=&#8221;Results&#8221; hover_btn_color=&#8221;warning&#8221; use_custom_fonts_primary_title=&#8221;true&#8221; use_custom_fonts_hover_title=&#8221;true&#8221; hover_add_button=&#8221;true&#8221; hover_btn_link=&#8221;url:%23volet-vitrine|&#8221; primary_title_link=&#8221;url:%23volet-vitrine|&#8221;][\/vc_hoverbox][\/vc_column][vc_column width=&#8221;1\/3&#8243;][vc_hoverbox image=&#8221;8881&#8243; primary_title=&#8221;New Investigators&#8221; primary_align=&#8221;right&#8221; primary_title_font_container=&#8221;color:%23dd9933&#8243; hover_title=&#8221;New Investigators&#8221; hover_align=&#8221;right&#8221; align=&#8221;left&#8221; hover_btn_title=&#8221;Results&#8221; hover_btn_color=&#8221;warning&#8221; use_custom_fonts_primary_title=&#8221;true&#8221; use_custom_fonts_hover_title=&#8221;true&#8221; hover_add_button=&#8221;true&#8221; hover_btn_link=&#8221;url:%23volet-nouveaux|&#8221; primary_title_link=&#8221;url:%23volet-nouveaux|&#8221;][\/vc_hoverbox][\/vc_column][vc_column width=&#8221;1\/3&#8243;][vc_hoverbox image=&#8221;8880&#8243; primary_title=&#8221;Students and postdoctoral fellowships&#8221; primary_align=&#8221;right&#8221; primary_title_font_container=&#8221;color:%23dd9933&#8243; hover_title=&#8221;Students and postdoctoral fellowships&#8221; hover_align=&#8221;right&#8221; align=&#8221;left&#8221; hover_btn_title=&#8221;Results&#8221; hover_btn_color=&#8221;warning&#8221; use_custom_fonts_primary_title=&#8221;true&#8221; use_custom_fonts_hover_title=&#8221;true&#8221; hover_add_button=&#8221;true&#8221; hover_btn_link=&#8221;url:%23etudiants|&#8221; primary_title_link=&#8221;url:%23etudiants|&#8221;][\/vc_hoverbox][\/vc_column][\/vc_row][vc_row][vc_column][vc_empty_space height=&#8221;64px&#8221;][vc_column_text]<\/p>\n<h2 id=\"volet-vitrine\"><strong>Showcase component<\/strong><\/h2>\n\n<table id=\"tablepress-5\" class=\"tablepress tablepress-id-5\">\n<thead>\n<tr class=\"row-1\">\n\t<th class=\"column-1\">Chercheurs<\/th><th class=\"column-2\">Projet financ\u00e9<\/th>\n<\/tr>\n<\/thead>\n<tbody class=\"row-striping row-hover\">\n<tr class=\"row-2\">\n\t<td class=\"column-1\">Pierre B\u00e9nard (UQTR), Audrey Groleau (UQTR), Simon L\u00e9vesque (C\u00e9gep de Trois-Rivi\u00e8res)<\/td><td class=\"column-2\">Conception de deux jeux de soci\u00e9t\u00e9 autour de l'\u00e9nergie intelligente<\/td>\n<\/tr>\n<tr class=\"row-3\">\n\t<td class=\"column-1\">Hussein Ibrahim (C\u00e9gepSI), Ambrish Chandra (\u00c9TS), Adrian Ilinca (UQAR et CITEC)<\/td><td class=\"column-2\">Am\u00e9lioration des performances \u00e9nerg\u00e9tiques du Micror\u00e9seau \u00e9lectrique de la station Uapishka sur la C\u00f4te-Nord<\/td>\n<\/tr>\n<tr class=\"row-4\">\n\t<td class=\"column-1\">Philippe Viarouge &amp; J\u00e9r\u00f4me Cros (Laval), Pragasen Pillay &amp; Chunyan Lai (Concordia) et Opal-RT Technologies<\/td><td class=\"column-2\">D\u00e9veloppement de Laboratoire virtuels utilisant la simulation interactive en temps r\u00e9el pour l\u2019enseignement et la formation \u00e0 distance en g\u00e9nie de l\u2019\u00e9nergie \u00e9lectrique<\/td>\n<\/tr>\n<\/tbody>\n<\/table>\n<!-- #tablepress-5 from cache -->\n<p>&nbsp;<\/p>\n<h2 id=\"volet-nouveaux\"><strong>New and College Investigator Stream<\/strong><\/h2>\n\n<table id=\"tablepress-6\" class=\"tablepress tablepress-id-6\">\n<thead>\n<tr class=\"row-1\">\n\t<th class=\"column-1\">Chercheurs<\/th><th class=\"column-2\">Projet financ\u00e9<\/th>\n<\/tr>\n<\/thead>\n<tbody class=\"row-striping row-hover\">\n<tr class=\"row-2\">\n\t<td class=\"column-1\">Gabriel Antonius (UQTR) &amp; Daniel Guay (INRS)<\/td><td class=\"column-2\">Mat\u00e9riaux catalytiques pour la production d'hydrog\u00e8ne<\/td>\n<\/tr>\n<tr class=\"row-3\">\n\t<td class=\"column-1\">Didier Haillot (ETS), Serge-Thierry Lekounougou (CEDFOB***), Corbeil (SADCM), Danielle Monfet (ETS) &amp; Bruno Cousin (CEGEP de Baie Comeau)<\/td><td class=\"column-2\">Impact de la r\u00e9cup\u00e9ration de chaleur d'un centre de donn\u00e9es sur les \u00e9conomies d'\u00e9nergie et les rejets GES associ\u00e9s pour le chauffage d'une serre<\/td>\n<\/tr>\n<tr class=\"row-4\">\n\t<td class=\"column-1\">Nadjet Zioui (UQTR) &amp; Hanane Dagdougui (Poly)<\/td><td class=\"column-2\">Optimisation avanc\u00e9e des ressources \u00e9nerg\u00e9tiques multiples dans un v\u00e9hicule pour alimenter l'instrumentation embarqu\u00e9e<\/td>\n<\/tr>\n<tr class=\"row-5\">\n\t<td class=\"column-1\">Miloud Rezkallah (C\u00e9gepSI), Hussein Ibrahim (C\u00e9gepSI), Ambrish Chandra (\u00c9TS)<\/td><td class=\"column-2\">\u00c9tude et Tests en temps r\u00e9el d\u2019un Micror\u00e9seau \u00e0 CC vert et intelligent pour les Stations de T\u00e9l\u00e9communications isol\u00e9s dans le grand Nord-du-Qu\u00e9bec<\/td>\n<\/tr>\n<\/tbody>\n<\/table>\n<!-- #tablepress-6 from cache -->\n<p>&nbsp;<\/p>\n<h2 id=\"etudiants\"><strong>Student and Postdoctoral Fellowship Stream<\/strong><\/h2>\n<p>\n<table id=\"tablepress-7\" class=\"tablepress tablepress-id-7\">\n<thead>\n<tr class=\"row-1\">\n\t<th class=\"column-1\">\u00c9tudiant r\u00e9cipiendaire<\/th><th class=\"column-2\">Chercheurs<\/th><th class=\"column-3\">Projet financ\u00e9<\/th>\n<\/tr>\n<\/thead>\n<tbody class=\"row-striping row-hover\">\n<tr class=\"row-2\">\n\t<td class=\"column-1\">Junior Lagrandeur (Sherbrooke)<\/td><td class=\"column-2\">S\u00e9bastien Poncet (Sherbrooke), Pierre B\u00e9nard (UQTR)<\/td><td class=\"column-3\">R\u00e9cup\u00e9ration de l'\u00e9nergie m\u00e9canique de l'hydrog\u00e8ne comprim\u00e9 pour refroidir les piles \u00e0 combustibles dans les v\u00e9hicules \u00e9lectriques<\/td>\n<\/tr>\n<tr class=\"row-3\">\n\t<td class=\"column-1\">Mohsen Kandidayeni (Sherbrooke)<\/td><td class=\"column-2\">Jo\u00e3o Pedro Trov\u00e3o  (Sherbrooke), Lo\u00efc Boulon (UQTR)<\/td><td class=\"column-3\">Improvement of Efficiency in Fuel Cell Hybrid Electric Vehicles through a Systemic Management<\/td>\n<\/tr>\n<tr class=\"row-4\">\n\t<td class=\"column-1\">Ulrich-Landry Compaor\u00e9 (Poly)<\/td><td class=\"column-2\">Oumarou Savadogo (Poly), Mamadou Lamine Doumbia (UQTR)<\/td><td class=\"column-3\">Developpement d'une pile a combustistble \u00e0 consommation de lignine<\/td>\n<\/tr>\n<\/tbody>\n<\/table>\n<!-- #tablepress-7 from cache -->[\/vc_column_text][vc_empty_space][vc_empty_space][\/vc_column][\/vc_row][vc_row][vc_column][stm_spacing][\/vc_column][\/vc_row][vc_row][vc_column][vc_empty_space][\/vc_column][\/vc_row]<\/p>\n<\/div>","protected":false},"excerpt":{"rendered":"<p>[vc_row][vc_column][vc_empty_space][vc_column_text] Results 2020 &#8211; second competition 10 projects funded for a total of $120,000.[\/vc_column_text][vc_empty_space][\/vc_column][\/vc_row][vc_row][vc_column width=&#8221;1\/3&#8243;][vc_hoverbox image=&#8221;8896&#8243; primary_title=&#8221;Showcase project&#8221; primary_align=&#8221;right&#8221; primary_title_font_container=&#8221;color:%23dd9933&#8243; hover_title=&#8221;Showcase project&#8221; hover_align=&#8221;right&#8221; align=&#8221;left&#8221; hover_btn_title=&#8221;Results&#8221; hover_btn_color=&#8221;warning&#8221; use_custom_fonts_primary_title=&#8221;true&#8221; use_custom_fonts_hover_title=&#8221;true&#8221; hover_add_button=&#8221;true&#8221; hover_btn_link=&#8221;url:%23volet-vitrine|&#8221; primary_title_link=&#8221;url:%23volet-vitrine|&#8221;][\/vc_hoverbox][\/vc_column][vc_column width=&#8221;1\/3&#8243;][vc_hoverbox image=&#8221;8881&#8243; primary_title=&#8221;New Investigators&#8221; primary_align=&#8221;right&#8221; primary_title_font_container=&#8221;color:%23dd9933&#8243; hover_title=&#8221;New Investigators&#8221; hover_align=&#8221;right&#8221; align=&#8221;left&#8221; hover_btn_title=&#8221;Results&#8221; hover_btn_color=&#8221;warning&#8221; use_custom_fonts_primary_title=&#8221;true&#8221; use_custom_fonts_hover_title=&#8221;true&#8221; hover_add_button=&#8221;true&#8221; hover_btn_link=&#8221;url:%23volet-nouveaux|&#8221; primary_title_link=&#8221;url:%23volet-nouveaux|&#8221;][\/vc_hoverbox][\/vc_column][vc_column width=&#8221;1\/3&#8243;][vc_hoverbox image=&#8221;8880&#8243; primary_title=&#8221;Students and postdoctoral fellowships&#8221; primary_align=&#8221;right&#8221;<\/p>\n","protected":false},"author":10,"featured_media":0,"parent":0,"menu_order":33,"comment_status":"closed","ping_status":"closed","template":"","meta":{"_monsterinsights_skip_tracking":false,"_monsterinsights_sitenote_active":false,"_monsterinsights_sitenote_note":"","_monsterinsights_sitenote_category":0,"_themeisle_gutenberg_block_has_review":false,"footnotes":""},"class_list":["post-8904","page","type-page","status-publish","hentry"],"yoast_head":"<!-- This site is optimized with the Yoast SEO plugin v24.5 - https:\/\/yoast.com\/wordpress\/plugins\/seo\/ -->\n<title>RQEI Quebec Smart Energy Network<\/title>\n<meta name=\"description\" content=\"RQEI Quebec Smart Energy Network\" \/>\n<meta name=\"robots\" content=\"index, follow, max-snippet:-1, max-image-preview:large, max-video-preview:-1\" \/>\n<link rel=\"canonical\" href=\"https:\/\/www.rqei.ca\/en\/results-2020-second-competition\/\" \/>\n<meta property=\"og:locale\" content=\"en_US\" \/>\n<meta property=\"og:type\" content=\"article\" \/>\n<meta property=\"og:title\" content=\"RQEI Quebec Smart Energy Network\" \/>\n<meta property=\"og:description\" content=\"RQEI Quebec Smart Energy Network\" \/>\n<meta property=\"og:url\" content=\"https:\/\/www.rqei.ca\/en\/results-2020-second-competition\/\" \/>\n<meta property=\"og:site_name\" content=\"RQEI\" \/>\n<meta property=\"article:modified_time\" content=\"2025-11-10T19:35:14+00:00\" \/>\n<meta name=\"twitter:card\" content=\"summary_large_image\" \/>\n<meta name=\"twitter:label1\" content=\"Est. reading time\" \/>\n\t<meta name=\"twitter:data1\" content=\"2 minutes\" \/>\n<script type=\"application\/ld+json\" class=\"yoast-schema-graph\">{\"@context\":\"https:\/\/schema.org\",\"@graph\":[{\"@type\":\"WebPage\",\"@id\":\"https:\/\/www.rqei.ca\/en\/results-2020-second-competition\/\",\"url\":\"https:\/\/www.rqei.ca\/en\/results-2020-second-competition\/\",\"name\":\"RQEI Quebec Smart Energy Network\",\"isPartOf\":{\"@id\":\"https:\/\/www.rqei.ca\/en\/#website\"},\"datePublished\":\"2020-11-29T15:26:11+00:00\",\"dateModified\":\"2025-11-10T19:35:14+00:00\",\"description\":\"RQEI Quebec Smart Energy Network\",\"breadcrumb\":{\"@id\":\"https:\/\/www.rqei.ca\/en\/results-2020-second-competition\/#breadcrumb\"},\"inLanguage\":\"en-US\",\"potentialAction\":[{\"@type\":\"ReadAction\",\"target\":[\"https:\/\/www.rqei.ca\/en\/results-2020-second-competition\/\"]}]},{\"@type\":\"BreadcrumbList\",\"@id\":\"https:\/\/www.rqei.ca\/en\/results-2020-second-competition\/#breadcrumb\",\"itemListElement\":[{\"@type\":\"ListItem\",\"position\":1,\"name\":\"Accueil\",\"item\":\"https:\/\/www.rqei.ca\/en\/\"},{\"@type\":\"ListItem\",\"position\":2,\"name\":\"Results 2020 &#8211; second competition\"}]},{\"@type\":\"WebSite\",\"@id\":\"https:\/\/www.rqei.ca\/en\/#website\",\"url\":\"https:\/\/www.rqei.ca\/en\/\",\"name\":\"RQEI\",\"description\":\"R\u00e9seau qu\u00e9b\u00e9cois sur l&#039;\u00e9nergie intelligente\",\"publisher\":{\"@id\":\"https:\/\/www.rqei.ca\/en\/#organization\"},\"potentialAction\":[{\"@type\":\"SearchAction\",\"target\":{\"@type\":\"EntryPoint\",\"urlTemplate\":\"https:\/\/www.rqei.ca\/en\/?s={search_term_string}\"},\"query-input\":{\"@type\":\"PropertyValueSpecification\",\"valueRequired\":true,\"valueName\":\"search_term_string\"}}],\"inLanguage\":\"en-US\"},{\"@type\":\"Organization\",\"@id\":\"https:\/\/www.rqei.ca\/en\/#organization\",\"name\":\"R\u00e9seau qu\u00e9b\u00e9cois sur l'\u00e9nergie intelligente\",\"url\":\"https:\/\/www.rqei.ca\/en\/\",\"logo\":{\"@type\":\"ImageObject\",\"inLanguage\":\"en-US\",\"@id\":\"https:\/\/www.rqei.ca\/en\/#\/schema\/logo\/image\/\",\"url\":\"https:\/\/www.rqei.ca\/wp-content\/uploads\/2019\/03\/frqnt_logo2.png\",\"contentUrl\":\"https:\/\/www.rqei.ca\/wp-content\/uploads\/2019\/03\/frqnt_logo2.png\",\"width\":958,\"height\":824,\"caption\":\"R\u00e9seau qu\u00e9b\u00e9cois sur l'\u00e9nergie intelligente\"},\"image\":{\"@id\":\"https:\/\/www.rqei.ca\/en\/#\/schema\/logo\/image\/\"}}]}<\/script>\n<!-- \/ Yoast SEO plugin. -->","yoast_head_json":{"title":"RQEI Quebec Smart Energy Network","description":"RQEI Quebec Smart Energy Network","robots":{"index":"index","follow":"follow","max-snippet":"max-snippet:-1","max-image-preview":"max-image-preview:large","max-video-preview":"max-video-preview:-1"},"canonical":"https:\/\/www.rqei.ca\/en\/results-2020-second-competition\/","og_locale":"en_US","og_type":"article","og_title":"RQEI Quebec Smart Energy Network","og_description":"RQEI Quebec Smart Energy Network","og_url":"https:\/\/www.rqei.ca\/en\/results-2020-second-competition\/","og_site_name":"RQEI","article_modified_time":"2025-11-10T19:35:14+00:00","twitter_card":"summary_large_image","twitter_misc":{"Est. reading time":"2 minutes"},"schema":{"@context":"https:\/\/schema.org","@graph":[{"@type":"WebPage","@id":"https:\/\/www.rqei.ca\/en\/results-2020-second-competition\/","url":"https:\/\/www.rqei.ca\/en\/results-2020-second-competition\/","name":"RQEI Quebec Smart Energy Network","isPartOf":{"@id":"https:\/\/www.rqei.ca\/en\/#website"},"datePublished":"2020-11-29T15:26:11+00:00","dateModified":"2025-11-10T19:35:14+00:00","description":"RQEI Quebec Smart Energy Network","breadcrumb":{"@id":"https:\/\/www.rqei.ca\/en\/results-2020-second-competition\/#breadcrumb"},"inLanguage":"en-US","potentialAction":[{"@type":"ReadAction","target":["https:\/\/www.rqei.ca\/en\/results-2020-second-competition\/"]}]},{"@type":"BreadcrumbList","@id":"https:\/\/www.rqei.ca\/en\/results-2020-second-competition\/#breadcrumb","itemListElement":[{"@type":"ListItem","position":1,"name":"Accueil","item":"https:\/\/www.rqei.ca\/en\/"},{"@type":"ListItem","position":2,"name":"Results 2020 &#8211; second competition"}]},{"@type":"WebSite","@id":"https:\/\/www.rqei.ca\/en\/#website","url":"https:\/\/www.rqei.ca\/en\/","name":"RQEI","description":"R\u00e9seau qu\u00e9b\u00e9cois sur l&#039;\u00e9nergie intelligente","publisher":{"@id":"https:\/\/www.rqei.ca\/en\/#organization"},"potentialAction":[{"@type":"SearchAction","target":{"@type":"EntryPoint","urlTemplate":"https:\/\/www.rqei.ca\/en\/?s={search_term_string}"},"query-input":{"@type":"PropertyValueSpecification","valueRequired":true,"valueName":"search_term_string"}}],"inLanguage":"en-US"},{"@type":"Organization","@id":"https:\/\/www.rqei.ca\/en\/#organization","name":"R\u00e9seau qu\u00e9b\u00e9cois sur l'\u00e9nergie intelligente","url":"https:\/\/www.rqei.ca\/en\/","logo":{"@type":"ImageObject","inLanguage":"en-US","@id":"https:\/\/www.rqei.ca\/en\/#\/schema\/logo\/image\/","url":"https:\/\/www.rqei.ca\/wp-content\/uploads\/2019\/03\/frqnt_logo2.png","contentUrl":"https:\/\/www.rqei.ca\/wp-content\/uploads\/2019\/03\/frqnt_logo2.png","width":958,"height":824,"caption":"R\u00e9seau qu\u00e9b\u00e9cois sur l'\u00e9nergie intelligente"},"image":{"@id":"https:\/\/www.rqei.ca\/en\/#\/schema\/logo\/image\/"}}]}},"_links":{"self":[{"href":"https:\/\/www.rqei.ca\/en\/wp-json\/wp\/v2\/pages\/8904","targetHints":{"allow":["GET"]}}],"collection":[{"href":"https:\/\/www.rqei.ca\/en\/wp-json\/wp\/v2\/pages"}],"about":[{"href":"https:\/\/www.rqei.ca\/en\/wp-json\/wp\/v2\/types\/page"}],"author":[{"embeddable":true,"href":"https:\/\/www.rqei.ca\/en\/wp-json\/wp\/v2\/users\/10"}],"replies":[{"embeddable":true,"href":"https:\/\/www.rqei.ca\/en\/wp-json\/wp\/v2\/comments?post=8904"}],"version-history":[{"count":0,"href":"https:\/\/www.rqei.ca\/en\/wp-json\/wp\/v2\/pages\/8904\/revisions"}],"wp:attachment":[{"href":"https:\/\/www.rqei.ca\/en\/wp-json\/wp\/v2\/media?parent=8904"}],"curies":[{"name":"wp","href":"https:\/\/api.w.org\/{rel}","templated":true}]}}