{"id":8934,"date":"2019-03-12T14:02:30","date_gmt":"2019-03-12T18:02:30","guid":{"rendered":"https:\/\/www.rqei.ca\/by-the-way\/"},"modified":"2025-11-10T14:48:02","modified_gmt":"2025-11-10T19:48:02","slug":"by-the-way","status":"publish","type":"page","link":"https:\/\/www.rqei.ca\/en\/the-network\/by-the-way\/","title":{"rendered":"By the way"},"content":{"rendered":"<div class=\"wpb-content-wrapper\"><p>[vc_row][vc_column][vc_column_text]The need for the energy transition requires a major effort of research, experimentation, development and collaboration so that Qu\u00e9bec can play an important role given the internationally recognized strength of its research teams in this field.[\/vc_column_text][vc_column_text]<\/p>\n<h3>Energy transition and decarbonisation<\/h3>\n<p>[\/vc_column_text][vc_column_text]<\/p>\n<h4>Priority areas of the Regroupement pour la transition \u00e9nerg\u00e9tique du Qu\u00e9bec<\/h4>\n<ul>\n<li class=\"O1\">  Vehicular systems (transport): motorization<\/li>\n<li class=\"O1\">  Stationary systems (building): optimization<\/li>\n<li class=\"O1\">  Distributed Sources of Green Energy: Capture and Conversion<\/li>\n<li class=\"O1\">  Energy storage and conversion technologies<\/li>\n<li class=\"O1\">  Intelligent control technologies<\/li>\n<li class=\"O1\">  Information Technology (IT) and Artificial Intelligence (AI) \u2013 Technologies to Support Electrification<\/li>\n<\/ul>\n<p>[\/vc_column_text][\/vc_column][\/vc_row][vc_row][vc_column][stm_spacing][stm_spacing][stm_spacing][\/vc_column][\/vc_row][vc_row][vc_column][vc_column_text]<\/p>\n<h3>A college-university synergy that accelerates research and guarantees technology transfer <\/p>\n<\/h3>\r\n<p><p>[\/vc_column_text][\/vc_column][\/vc_row][vc_row][vc_column][vc_column_text]<\/p>\n<p>[vc_row][vc_column width=&#8221;1\/1&#8243;][vc_column_text]<\/p>\n<p>[\/vc_column_text][\/vc_column][\/vc_row]<\/p>\n<\/div>","protected":false},"excerpt":{"rendered":"<p>[vc_row][vc_column][vc_column_text]The need for the energy transition requires a major effort of research, experimentation, development and collaboration so that Qu\u00e9bec can play an important role given the internationally recognized strength of its research teams in this field.[\/vc_column_text][vc_column_text] Energy transition and decarbonisation [\/vc_column_text][vc_column_text] Priority areas of the Regroupement pour la transition \u00e9nerg\u00e9tique du Qu\u00e9bec Vehicular systems (transport):<\/p>\n","protected":false},"author":2,"featured_media":8935,"parent":8981,"menu_order":4,"comment_status":"closed","ping_status":"closed","template":"","meta":{"_monsterinsights_skip_tracking":false,"_monsterinsights_sitenote_active":false,"_monsterinsights_sitenote_note":"","_monsterinsights_sitenote_category":0,"_themeisle_gutenberg_block_has_review":false,"footnotes":""},"class_list":["post-8934","page","type-page","status-publish","has-post-thumbnail","hentry"],"yoast_head":"<!-- This site is optimized with the Yoast SEO plugin v24.5 - https:\/\/yoast.com\/wordpress\/plugins\/seo\/ -->\n<title>By the way - RQEI<\/title>\n<meta name=\"robots\" content=\"index, follow, max-snippet:-1, max-image-preview:large, max-video-preview:-1\" \/>\n<link rel=\"canonical\" href=\"https:\/\/www.rqei.ca\/en\/the-network\/by-the-way\/\" \/>\n<meta property=\"og:locale\" content=\"en_US\" \/>\n<meta property=\"og:type\" content=\"article\" \/>\n<meta property=\"og:title\" content=\"By the way - RQEI\" \/>\n<meta property=\"og:description\" content=\"[vc_row][vc_column][vc_column_text]The need for the energy transition requires a major effort of research, experimentation, development and collaboration so that Qu\u00e9bec can play an important role given the internationally recognized strength of its research teams in this field.[\/vc_column_text][vc_column_text] Energy transition and decarbonisation [\/vc_column_text][vc_column_text] Priority areas of the Regroupement pour la transition \u00e9nerg\u00e9tique du Qu\u00e9bec Vehicular systems (transport):\" \/>\n<meta property=\"og:url\" content=\"https:\/\/www.rqei.ca\/en\/the-network\/by-the-way\/\" \/>\n<meta property=\"og:site_name\" content=\"RQEI\" \/>\n<meta property=\"article:modified_time\" content=\"2025-11-10T19:48:02+00:00\" \/>\n<meta property=\"og:image\" content=\"https:\/\/www.rqei.ca\/wp-content\/uploads\/2019\/03\/Approche-RSEI.png\" \/>\n\t<meta property=\"og:image:width\" content=\"1551\" \/>\n\t<meta property=\"og:image:height\" content=\"510\" \/>\n\t<meta property=\"og:image:type\" content=\"image\/png\" \/>\n<meta name=\"twitter:card\" content=\"summary_large_image\" \/>\n<meta name=\"twitter:label1\" content=\"Est. reading time\" \/>\n\t<meta name=\"twitter:data1\" content=\"1 minute\" \/>\n<script type=\"application\/ld+json\" class=\"yoast-schema-graph\">{\"@context\":\"https:\/\/schema.org\",\"@graph\":[{\"@type\":\"WebPage\",\"@id\":\"https:\/\/www.rqei.ca\/en\/the-network\/by-the-way\/\",\"url\":\"https:\/\/www.rqei.ca\/en\/the-network\/by-the-way\/\",\"name\":\"By the way - RQEI\",\"isPartOf\":{\"@id\":\"https:\/\/www.rqei.ca\/en\/#website\"},\"primaryImageOfPage\":{\"@id\":\"https:\/\/www.rqei.ca\/en\/the-network\/by-the-way\/#primaryimage\"},\"image\":{\"@id\":\"https:\/\/www.rqei.ca\/en\/the-network\/by-the-way\/#primaryimage\"},\"thumbnailUrl\":\"https:\/\/www.rqei.ca\/wp-content\/uploads\/2019\/03\/Approche-RSEI.png\",\"datePublished\":\"2019-03-12T18:02:30+00:00\",\"dateModified\":\"2025-11-10T19:48:02+00:00\",\"breadcrumb\":{\"@id\":\"https:\/\/www.rqei.ca\/en\/the-network\/by-the-way\/#breadcrumb\"},\"inLanguage\":\"en-US\",\"potentialAction\":[{\"@type\":\"ReadAction\",\"target\":[\"https:\/\/www.rqei.ca\/en\/the-network\/by-the-way\/\"]}]},{\"@type\":\"ImageObject\",\"inLanguage\":\"en-US\",\"@id\":\"https:\/\/www.rqei.ca\/en\/the-network\/by-the-way\/#primaryimage\",\"url\":\"https:\/\/www.rqei.ca\/wp-content\/uploads\/2019\/03\/Approche-RSEI.png\",\"contentUrl\":\"https:\/\/www.rqei.ca\/wp-content\/uploads\/2019\/03\/Approche-RSEI.png\",\"width\":1551,\"height\":510},{\"@type\":\"BreadcrumbList\",\"@id\":\"https:\/\/www.rqei.ca\/en\/the-network\/by-the-way\/#breadcrumb\",\"itemListElement\":[{\"@type\":\"ListItem\",\"position\":1,\"name\":\"Accueil\",\"item\":\"https:\/\/www.rqei.ca\/en\/\"},{\"@type\":\"ListItem\",\"position\":2,\"name\":\"The Network\",\"item\":\"https:\/\/www.rqei.ca\/en\/the-network\/\"},{\"@type\":\"ListItem\",\"position\":3,\"name\":\"By the way\"}]},{\"@type\":\"WebSite\",\"@id\":\"https:\/\/www.rqei.ca\/en\/#website\",\"url\":\"https:\/\/www.rqei.ca\/en\/\",\"name\":\"RQEI\",\"description\":\"R\u00e9seau qu\u00e9b\u00e9cois sur l&#039;\u00e9nergie intelligente\",\"publisher\":{\"@id\":\"https:\/\/www.rqei.ca\/en\/#organization\"},\"potentialAction\":[{\"@type\":\"SearchAction\",\"target\":{\"@type\":\"EntryPoint\",\"urlTemplate\":\"https:\/\/www.rqei.ca\/en\/?s={search_term_string}\"},\"query-input\":{\"@type\":\"PropertyValueSpecification\",\"valueRequired\":true,\"valueName\":\"search_term_string\"}}],\"inLanguage\":\"en-US\"},{\"@type\":\"Organization\",\"@id\":\"https:\/\/www.rqei.ca\/en\/#organization\",\"name\":\"R\u00e9seau qu\u00e9b\u00e9cois sur l'\u00e9nergie intelligente\",\"url\":\"https:\/\/www.rqei.ca\/en\/\",\"logo\":{\"@type\":\"ImageObject\",\"inLanguage\":\"en-US\",\"@id\":\"https:\/\/www.rqei.ca\/en\/#\/schema\/logo\/image\/\",\"url\":\"https:\/\/www.rqei.ca\/wp-content\/uploads\/2019\/03\/frqnt_logo2.png\",\"contentUrl\":\"https:\/\/www.rqei.ca\/wp-content\/uploads\/2019\/03\/frqnt_logo2.png\",\"width\":958,\"height\":824,\"caption\":\"R\u00e9seau qu\u00e9b\u00e9cois sur l'\u00e9nergie intelligente\"},\"image\":{\"@id\":\"https:\/\/www.rqei.ca\/en\/#\/schema\/logo\/image\/\"}}]}<\/script>\n<!-- \/ Yoast SEO plugin. -->","yoast_head_json":{"title":"By the way - RQEI","robots":{"index":"index","follow":"follow","max-snippet":"max-snippet:-1","max-image-preview":"max-image-preview:large","max-video-preview":"max-video-preview:-1"},"canonical":"https:\/\/www.rqei.ca\/en\/the-network\/by-the-way\/","og_locale":"en_US","og_type":"article","og_title":"By the way - RQEI","og_description":"[vc_row][vc_column][vc_column_text]The need for the energy transition requires a major effort of research, experimentation, development and collaboration so that Qu\u00e9bec can play an important role given the internationally recognized strength of its research teams in this field.[\/vc_column_text][vc_column_text] Energy transition and decarbonisation [\/vc_column_text][vc_column_text] Priority areas of the Regroupement pour la transition \u00e9nerg\u00e9tique du Qu\u00e9bec Vehicular systems (transport):","og_url":"https:\/\/www.rqei.ca\/en\/the-network\/by-the-way\/","og_site_name":"RQEI","article_modified_time":"2025-11-10T19:48:02+00:00","og_image":[{"width":1551,"height":510,"url":"https:\/\/www.rqei.ca\/wp-content\/uploads\/2019\/03\/Approche-RSEI.png","type":"image\/png"}],"twitter_card":"summary_large_image","twitter_misc":{"Est. reading time":"1 minute"},"schema":{"@context":"https:\/\/schema.org","@graph":[{"@type":"WebPage","@id":"https:\/\/www.rqei.ca\/en\/the-network\/by-the-way\/","url":"https:\/\/www.rqei.ca\/en\/the-network\/by-the-way\/","name":"By the way - RQEI","isPartOf":{"@id":"https:\/\/www.rqei.ca\/en\/#website"},"primaryImageOfPage":{"@id":"https:\/\/www.rqei.ca\/en\/the-network\/by-the-way\/#primaryimage"},"image":{"@id":"https:\/\/www.rqei.ca\/en\/the-network\/by-the-way\/#primaryimage"},"thumbnailUrl":"https:\/\/www.rqei.ca\/wp-content\/uploads\/2019\/03\/Approche-RSEI.png","datePublished":"2019-03-12T18:02:30+00:00","dateModified":"2025-11-10T19:48:02+00:00","breadcrumb":{"@id":"https:\/\/www.rqei.ca\/en\/the-network\/by-the-way\/#breadcrumb"},"inLanguage":"en-US","potentialAction":[{"@type":"ReadAction","target":["https:\/\/www.rqei.ca\/en\/the-network\/by-the-way\/"]}]},{"@type":"ImageObject","inLanguage":"en-US","@id":"https:\/\/www.rqei.ca\/en\/the-network\/by-the-way\/#primaryimage","url":"https:\/\/www.rqei.ca\/wp-content\/uploads\/2019\/03\/Approche-RSEI.png","contentUrl":"https:\/\/www.rqei.ca\/wp-content\/uploads\/2019\/03\/Approche-RSEI.png","width":1551,"height":510},{"@type":"BreadcrumbList","@id":"https:\/\/www.rqei.ca\/en\/the-network\/by-the-way\/#breadcrumb","itemListElement":[{"@type":"ListItem","position":1,"name":"Accueil","item":"https:\/\/www.rqei.ca\/en\/"},{"@type":"ListItem","position":2,"name":"The Network","item":"https:\/\/www.rqei.ca\/en\/the-network\/"},{"@type":"ListItem","position":3,"name":"By the way"}]},{"@type":"WebSite","@id":"https:\/\/www.rqei.ca\/en\/#website","url":"https:\/\/www.rqei.ca\/en\/","name":"RQEI","description":"R\u00e9seau qu\u00e9b\u00e9cois sur l&#039;\u00e9nergie intelligente","publisher":{"@id":"https:\/\/www.rqei.ca\/en\/#organization"},"potentialAction":[{"@type":"SearchAction","target":{"@type":"EntryPoint","urlTemplate":"https:\/\/www.rqei.ca\/en\/?s={search_term_string}"},"query-input":{"@type":"PropertyValueSpecification","valueRequired":true,"valueName":"search_term_string"}}],"inLanguage":"en-US"},{"@type":"Organization","@id":"https:\/\/www.rqei.ca\/en\/#organization","name":"R\u00e9seau qu\u00e9b\u00e9cois sur l'\u00e9nergie intelligente","url":"https:\/\/www.rqei.ca\/en\/","logo":{"@type":"ImageObject","inLanguage":"en-US","@id":"https:\/\/www.rqei.ca\/en\/#\/schema\/logo\/image\/","url":"https:\/\/www.rqei.ca\/wp-content\/uploads\/2019\/03\/frqnt_logo2.png","contentUrl":"https:\/\/www.rqei.ca\/wp-content\/uploads\/2019\/03\/frqnt_logo2.png","width":958,"height":824,"caption":"R\u00e9seau qu\u00e9b\u00e9cois sur l'\u00e9nergie intelligente"},"image":{"@id":"https:\/\/www.rqei.ca\/en\/#\/schema\/logo\/image\/"}}]}},"_links":{"self":[{"href":"https:\/\/www.rqei.ca\/en\/wp-json\/wp\/v2\/pages\/8934","targetHints":{"allow":["GET"]}}],"collection":[{"href":"https:\/\/www.rqei.ca\/en\/wp-json\/wp\/v2\/pages"}],"about":[{"href":"https:\/\/www.rqei.ca\/en\/wp-json\/wp\/v2\/types\/page"}],"author":[{"embeddable":true,"href":"https:\/\/www.rqei.ca\/en\/wp-json\/wp\/v2\/users\/2"}],"replies":[{"embeddable":true,"href":"https:\/\/www.rqei.ca\/en\/wp-json\/wp\/v2\/comments?post=8934"}],"version-history":[{"count":0,"href":"https:\/\/www.rqei.ca\/en\/wp-json\/wp\/v2\/pages\/8934\/revisions"}],"up":[{"embeddable":true,"href":"https:\/\/www.rqei.ca\/en\/wp-json\/wp\/v2\/pages\/8981"}],"wp:featuredmedia":[{"embeddable":true,"href":"https:\/\/www.rqei.ca\/en\/wp-json\/wp\/v2\/media\/8935"}],"wp:attachment":[{"href":"https:\/\/www.rqei.ca\/en\/wp-json\/wp\/v2\/media?parent=8934"}],"curies":[{"name":"wp","href":"https:\/\/api.w.org\/{rel}","templated":true}]}}