{"id":8942,"date":"2020-05-20T16:36:10","date_gmt":"2020-05-20T20:36:10","guid":{"rendered":"https:\/\/www.rqei.ca\/researcher-information\/"},"modified":"2025-11-10T14:38:36","modified_gmt":"2025-11-10T19:38:36","slug":"researcher-information","status":"publish","type":"page","link":"https:\/\/www.rqei.ca\/en\/researcher-information\/","title":{"rendered":"Researcher information"},"content":{"rendered":"<div id=\"quform-6848ea\" class=\"quform quform-5 quform-theme-underlined quform-support-page-caching\"><form id=\"quform-form-6848ea\" class=\"quform-form quform-form-5\" action=\"\/en\/wp-json\/wp\/v2\/pages\/8942#quform-6848ea\" method=\"post\" enctype=\"multipart\/form-data\" novalidate=\"novalidate\" data-options=\"{&quot;id&quot;:5,&quot;uniqueId&quot;:&quot;6848ea&quot;,&quot;theme&quot;:&quot;underlined&quot;,&quot;ajax&quot;:true,&quot;logic&quot;:{&quot;logic&quot;:[],&quot;dependents&quot;:[],&quot;elementIds&quot;:[],&quot;dependentElementIds&quot;:[],&quot;animate&quot;:false},&quot;currentPageId&quot;:1,&quot;errorsIcon&quot;:&quot;&quot;,&quot;updateFancybox&quot;:true,&quot;hasPages&quot;:false,&quot;pages&quot;:[1],&quot;pageProgressType&quot;:&quot;numbers&quot;,&quot;tooltipsEnabled&quot;:true,&quot;tooltipClasses&quot;:&quot;qtip-quform-dark qtip-shadow&quot;,&quot;tooltipMy&quot;:&quot;left center&quot;,&quot;tooltipAt&quot;:&quot;right center&quot;,&quot;isRtl&quot;:false,&quot;scrollOffset&quot;:-50,&quot;scrollSpeed&quot;:800}\"><button class=\"quform-default-submit\" name=\"quform_submit\" type=\"submit\" value=\"submit\" aria-hidden=\"true\" tabindex=\"-1\"><\/button><div class=\"quform-form-inner quform-form-inner-5\"><input type=\"hidden\" name=\"quform_form_id\" value=\"5\" \/><input type=\"hidden\" name=\"quform_form_uid\" value=\"6848ea\" \/><input type=\"hidden\" name=\"quform_count\" value=\"1\" \/><input type=\"hidden\" name=\"form_url\" value=\"https:\/\/www.rqei.ca\/en\/wp-json\/wp\/v2\/pages\/8942\" \/><input type=\"hidden\" name=\"referring_url\" value=\"\" \/><input type=\"hidden\" name=\"post_id\" value=\"\" \/><input type=\"hidden\" name=\"post_title\" value=\"\" \/><input type=\"hidden\" name=\"quform_current_page_id\" value=\"1\" \/><input type=\"hidden\" name=\"quform_csrf_token\" value=\"U6QOK3EGKUFAk9kQQ6VxQ7b9cF3hTkYZSzEd9Md7\" \/><div class=\"quform-form-title-description\"><h2 class=\"quform-form-title\">Informations \u00e0 afficher sur le site du RQEI<\/h2><p class=\"quform-form-description\">Bien vouloir remplir les champs suivants afin que vos informations soient ajout\u00e9es \u00e0 votre profil de chercheur sur le site web du RQEI<\/p><\/div><div class=\"quform-elements quform-elements-5 quform-cf quform-responsive-elements-phone-landscape\"><div class=\"quform-element quform-element-page quform-page-1 quform-page-5_1 quform-cf quform-group-style-bordered quform-first-page quform-last-page quform-current-page\"><div class=\"quform-child-elements\"><div class=\"quform-element quform-element-text quform-element-5_35 quform-cf quform-element-required\"><div class=\"quform-spacer\"><div class=\"quform-label quform-label-5_35\"><label class=\"quform-label-text\" for=\"quform_5_35_6848ea\">Votre nom \u00e0 afficher<span class=\"quform-required\">*<\/span><\/label><\/div><div class=\"quform-inner quform-inner-text quform-inner-5_35 quform-field-size-slim\"><div class=\"quform-input quform-input-text quform-input-5_35 quform-cf\"><input type=\"text\" id=\"quform_5_35_6848ea\" name=\"quform_5_35\" class=\"quform-field quform-field-text quform-field-5_35\" \/><\/div><\/div><\/div><\/div><div class=\"quform-element quform-element-email quform-element-5_30 quform-cf quform-element-required\"><div class=\"quform-spacer\"><div class=\"quform-label quform-label-5_30\"><label class=\"quform-label-text\" for=\"quform_5_30_6848ea\">Adresse \u00e9lectronique de pr\u00e9f\u00e9rence<span class=\"quform-required\">*<\/span><\/label><\/div><div class=\"quform-inner quform-inner-email quform-inner-5_30 quform-field-size-slim\"><div class=\"quform-input quform-input-email quform-input-5_30 quform-cf\"><input type=\"email\" id=\"quform_5_30_6848ea\" name=\"quform_5_30\" class=\"quform-field quform-field-email quform-field-5_30\" \/><\/div><\/div><\/div><\/div><div class=\"quform-element quform-element-file quform-element-5_31 quform-cf quform-element-optional\"><div class=\"quform-spacer\"><div class=\"quform-label quform-label-5_31\"><label class=\"quform-label-text\" for=\"quform_5_31_6848ea\">Photo de profil<\/label><\/div><div class=\"quform-inner quform-inner-file quform-inner-5_31 quform-field-size-slim\"><div class=\"quform-input quform-input-file quform-input-5_31 quform-cf quform-button-style-shine-gradient\"><input type=\"file\" id=\"quform_5_31_6848ea\" name=\"quform_5_31[]\" class=\"quform-field quform-field-file quform-field-5_31 quform-field-file-enhanced\" data-config=\"{&quot;id&quot;:31,&quot;identifier&quot;:&quot;5_31&quot;,&quot;name&quot;:&quot;quform_5_31&quot;,&quot;max&quot;:1,&quot;size&quot;:10485760,&quot;allowedExtensions&quot;:[&quot;jpg&quot;,&quot;jpeg&quot;,&quot;png&quot;,&quot;gif&quot;],&quot;notAllowedTypeWithFilename&quot;:&quot;File type of &#039;%filename%&#039; is not allowed&quot;,&quot;tooBigWithFilename&quot;:&quot;File &#039;%filename%&#039; exceeds the maximum allowed file size&quot;,&quot;tooMany&quot;:&quot;You cannot upload more than %max% file(s)&quot;,&quot;buttonType&quot;:&quot;button&quot;,&quot;buttonText&quot;:&quot;Browse...&quot;,&quot;buttonIcon&quot;:&quot;qicon-file_upload&quot;,&quot;buttonIconPosition&quot;:&quot;right&quot;}\" \/><\/div><\/div><\/div><\/div><div class=\"quform-element quform-element-text quform-element-5_33 quform-cf quform-element-optional\"><div class=\"quform-spacer\"><div class=\"quform-label quform-label-5_33\"><label class=\"quform-label-text\" for=\"quform_5_33_6848ea\">Lien vers votre profil LinkedIn<\/label><\/div><div class=\"quform-inner quform-inner-text quform-inner-5_33 quform-field-size-slim\"><div class=\"quform-input quform-input-text quform-input-5_33 quform-cf\"><input type=\"text\" id=\"quform_5_33_6848ea\" name=\"quform_5_33\" class=\"quform-field quform-field-text quform-field-5_33\" \/><\/div><\/div><\/div><\/div><div class=\"quform-element quform-element-text quform-element-5_34 quform-cf quform-element-optional\"><div class=\"quform-spacer\"><div class=\"quform-label quform-label-5_34\"><label class=\"quform-label-text\" for=\"quform_5_34_6848ea\">Lien vers votre profil ResearchGate<\/label><\/div><div class=\"quform-inner quform-inner-text quform-inner-5_34 quform-field-size-slim\"><div class=\"quform-input quform-input-text quform-input-5_34 quform-cf\"><input type=\"text\" id=\"quform_5_34_6848ea\" name=\"quform_5_34\" class=\"quform-field quform-field-text quform-field-5_34\" \/><\/div><\/div><\/div><\/div><div class=\"quform-element quform-element-text quform-element-5_36 quform-cf quform-element-optional\"><div class=\"quform-spacer\"><div class=\"quform-label quform-label-5_36\"><label class=\"quform-label-text\" for=\"quform_5_36_6848ea\">Lien vers votre site web personnel<\/label><\/div><div class=\"quform-inner quform-inner-text quform-inner-5_36 quform-field-size-slim\"><div class=\"quform-input quform-input-text quform-input-5_36 quform-cf\"><input type=\"text\" id=\"quform_5_36_6848ea\" name=\"quform_5_36\" class=\"quform-field quform-field-text quform-field-5_36\" \/><\/div><\/div><\/div><\/div><div class=\"quform-element quform-element-textarea quform-element-5_12 quform-cf quform-element-required\"><div class=\"quform-spacer\"><div class=\"quform-label quform-label-5_12\"><label class=\"quform-label-text\" for=\"quform_5_12_6848ea\">Description sommaire (maximum 1 page) de vos champs et activit\u00e9s de recherches <span class=\"quform-required\">*<\/span><\/label><\/div><div class=\"quform-inner quform-inner-textarea quform-inner-5_12 quform-field-size-slim\"><div class=\"quform-input quform-input-textarea quform-input-5_12 quform-cf\"><textarea id=\"quform_5_12_6848ea\" name=\"quform_5_12\" class=\"quform-field quform-field-textarea quform-field-5_12\"><\/textarea><\/div><\/div><\/div><\/div><div class=\"quform-element quform-element-submit quform-element-5_2 quform-cf quform-button-style-shine-gradient\"><div class=\"quform-button-submit quform-button-submit-default quform-button-submit-5_2\" data-animation=\"two\"><button name=\"quform_submit\" type=\"submit\" class=\"quform-submit\" value=\"submit\"><span class=\"quform-button-text quform-button-submit-text\">Send<\/span><\/button><\/div><div class=\"quform-loading quform-loading-position-center quform-loading-type-spinner-1\"><div class=\"quform-loading-inner\"><div class=\"quform-loading-spinner\"><div class=\"quform-loading-spinner-inner\"><\/div><\/div><\/div><\/div><\/div><div class=\"quform-element-tree\"><label for=\"quform_5_0_6848ea\">This field should be left blank<\/label><input type=\"text\" id=\"quform_5_0_6848ea\" name=\"quform_5_0\" class=\"quform-field quform-field-tree quform-field-5_0\" tabindex=\"-1\" autocomplete=\"off\" \/><\/div><\/div><\/div><\/div><div class=\"quform-upload-progress-wrap\"><div class=\"quform-upload-progress-bar-wrap\"><div class=\"quform-upload-progress-bar\"><\/div><\/div><div class=\"quform-upload-info quform-cf\"><div class=\"quform-upload-filename\"><\/div><\/div><\/div><\/div><\/form><\/div>\n\n<p><\/p>\n","protected":false},"excerpt":{"rendered":"Informations \u00e0 afficher sur le site du RQEIBien vouloir remplir les champs suivants afin que vos informations soient ajout\u00e9es \u00e0 votre profil de chercheur sur le site web du RQEIVotre nom \u00e0 afficher*Adresse \u00e9lectronique de pr\u00e9f\u00e9rence*Photo de profilLien vers votre profil LinkedInLien vers votre profil ResearchGateLien vers votre site web personnelDescription sommaire (maximum 1 page)","protected":false},"author":10,"featured_media":0,"parent":0,"menu_order":0,"comment_status":"closed","ping_status":"closed","template":"","meta":{"_monsterinsights_skip_tracking":false,"_monsterinsights_sitenote_active":false,"_monsterinsights_sitenote_note":"","_monsterinsights_sitenote_category":0,"_themeisle_gutenberg_block_has_review":false,"footnotes":""},"class_list":["post-8942","page","type-page","status-publish","hentry"],"yoast_head":"<!-- This site is optimized with the Yoast SEO plugin v24.5 - https:\/\/yoast.com\/wordpress\/plugins\/seo\/ -->\n<title>Researcher information - RQEI<\/title>\n<meta name=\"robots\" content=\"index, follow, max-snippet:-1, max-image-preview:large, max-video-preview:-1\" \/>\n<link rel=\"canonical\" href=\"https:\/\/www.rqei.ca\/en\/researcher-information\/\" \/>\n<meta property=\"og:locale\" content=\"en_US\" \/>\n<meta property=\"og:type\" content=\"article\" \/>\n<meta property=\"og:title\" content=\"Researcher information - RQEI\" \/>\n<meta property=\"og:url\" content=\"https:\/\/www.rqei.ca\/en\/researcher-information\/\" \/>\n<meta property=\"og:site_name\" content=\"RQEI\" \/>\n<meta property=\"article:modified_time\" content=\"2025-11-10T19:38:36+00:00\" \/>\n<meta name=\"twitter:card\" content=\"summary_large_image\" \/>\n<script type=\"application\/ld+json\" class=\"yoast-schema-graph\">{\"@context\":\"https:\/\/schema.org\",\"@graph\":[{\"@type\":\"WebPage\",\"@id\":\"https:\/\/www.rqei.ca\/en\/researcher-information\/\",\"url\":\"https:\/\/www.rqei.ca\/en\/researcher-information\/\",\"name\":\"Researcher information - RQEI\",\"isPartOf\":{\"@id\":\"https:\/\/www.rqei.ca\/en\/#website\"},\"datePublished\":\"2020-05-20T20:36:10+00:00\",\"dateModified\":\"2025-11-10T19:38:36+00:00\",\"breadcrumb\":{\"@id\":\"https:\/\/www.rqei.ca\/en\/researcher-information\/#breadcrumb\"},\"inLanguage\":\"en-US\",\"potentialAction\":[{\"@type\":\"ReadAction\",\"target\":[\"https:\/\/www.rqei.ca\/en\/researcher-information\/\"]}]},{\"@type\":\"BreadcrumbList\",\"@id\":\"https:\/\/www.rqei.ca\/en\/researcher-information\/#breadcrumb\",\"itemListElement\":[{\"@type\":\"ListItem\",\"position\":1,\"name\":\"Accueil\",\"item\":\"https:\/\/www.rqei.ca\/en\/\"},{\"@type\":\"ListItem\",\"position\":2,\"name\":\"Researcher information\"}]},{\"@type\":\"WebSite\",\"@id\":\"https:\/\/www.rqei.ca\/en\/#website\",\"url\":\"https:\/\/www.rqei.ca\/en\/\",\"name\":\"RQEI\",\"description\":\"R\u00e9seau qu\u00e9b\u00e9cois sur l&#039;\u00e9nergie intelligente\",\"publisher\":{\"@id\":\"https:\/\/www.rqei.ca\/en\/#organization\"},\"potentialAction\":[{\"@type\":\"SearchAction\",\"target\":{\"@type\":\"EntryPoint\",\"urlTemplate\":\"https:\/\/www.rqei.ca\/en\/?s={search_term_string}\"},\"query-input\":{\"@type\":\"PropertyValueSpecification\",\"valueRequired\":true,\"valueName\":\"search_term_string\"}}],\"inLanguage\":\"en-US\"},{\"@type\":\"Organization\",\"@id\":\"https:\/\/www.rqei.ca\/en\/#organization\",\"name\":\"R\u00e9seau qu\u00e9b\u00e9cois sur l'\u00e9nergie intelligente\",\"url\":\"https:\/\/www.rqei.ca\/en\/\",\"logo\":{\"@type\":\"ImageObject\",\"inLanguage\":\"en-US\",\"@id\":\"https:\/\/www.rqei.ca\/en\/#\/schema\/logo\/image\/\",\"url\":\"https:\/\/www.rqei.ca\/wp-content\/uploads\/2019\/03\/frqnt_logo2.png\",\"contentUrl\":\"https:\/\/www.rqei.ca\/wp-content\/uploads\/2019\/03\/frqnt_logo2.png\",\"width\":958,\"height\":824,\"caption\":\"R\u00e9seau qu\u00e9b\u00e9cois sur l'\u00e9nergie intelligente\"},\"image\":{\"@id\":\"https:\/\/www.rqei.ca\/en\/#\/schema\/logo\/image\/\"}}]}<\/script>\n<!-- \/ Yoast SEO plugin. -->","yoast_head_json":{"title":"Researcher information - RQEI","robots":{"index":"index","follow":"follow","max-snippet":"max-snippet:-1","max-image-preview":"max-image-preview:large","max-video-preview":"max-video-preview:-1"},"canonical":"https:\/\/www.rqei.ca\/en\/researcher-information\/","og_locale":"en_US","og_type":"article","og_title":"Researcher information - RQEI","og_url":"https:\/\/www.rqei.ca\/en\/researcher-information\/","og_site_name":"RQEI","article_modified_time":"2025-11-10T19:38:36+00:00","twitter_card":"summary_large_image","schema":{"@context":"https:\/\/schema.org","@graph":[{"@type":"WebPage","@id":"https:\/\/www.rqei.ca\/en\/researcher-information\/","url":"https:\/\/www.rqei.ca\/en\/researcher-information\/","name":"Researcher information - RQEI","isPartOf":{"@id":"https:\/\/www.rqei.ca\/en\/#website"},"datePublished":"2020-05-20T20:36:10+00:00","dateModified":"2025-11-10T19:38:36+00:00","breadcrumb":{"@id":"https:\/\/www.rqei.ca\/en\/researcher-information\/#breadcrumb"},"inLanguage":"en-US","potentialAction":[{"@type":"ReadAction","target":["https:\/\/www.rqei.ca\/en\/researcher-information\/"]}]},{"@type":"BreadcrumbList","@id":"https:\/\/www.rqei.ca\/en\/researcher-information\/#breadcrumb","itemListElement":[{"@type":"ListItem","position":1,"name":"Accueil","item":"https:\/\/www.rqei.ca\/en\/"},{"@type":"ListItem","position":2,"name":"Researcher information"}]},{"@type":"WebSite","@id":"https:\/\/www.rqei.ca\/en\/#website","url":"https:\/\/www.rqei.ca\/en\/","name":"RQEI","description":"R\u00e9seau qu\u00e9b\u00e9cois sur l&#039;\u00e9nergie intelligente","publisher":{"@id":"https:\/\/www.rqei.ca\/en\/#organization"},"potentialAction":[{"@type":"SearchAction","target":{"@type":"EntryPoint","urlTemplate":"https:\/\/www.rqei.ca\/en\/?s={search_term_string}"},"query-input":{"@type":"PropertyValueSpecification","valueRequired":true,"valueName":"search_term_string"}}],"inLanguage":"en-US"},{"@type":"Organization","@id":"https:\/\/www.rqei.ca\/en\/#organization","name":"R\u00e9seau qu\u00e9b\u00e9cois sur l'\u00e9nergie intelligente","url":"https:\/\/www.rqei.ca\/en\/","logo":{"@type":"ImageObject","inLanguage":"en-US","@id":"https:\/\/www.rqei.ca\/en\/#\/schema\/logo\/image\/","url":"https:\/\/www.rqei.ca\/wp-content\/uploads\/2019\/03\/frqnt_logo2.png","contentUrl":"https:\/\/www.rqei.ca\/wp-content\/uploads\/2019\/03\/frqnt_logo2.png","width":958,"height":824,"caption":"R\u00e9seau qu\u00e9b\u00e9cois sur l'\u00e9nergie intelligente"},"image":{"@id":"https:\/\/www.rqei.ca\/en\/#\/schema\/logo\/image\/"}}]}},"_links":{"self":[{"href":"https:\/\/www.rqei.ca\/en\/wp-json\/wp\/v2\/pages\/8942","targetHints":{"allow":["GET"]}}],"collection":[{"href":"https:\/\/www.rqei.ca\/en\/wp-json\/wp\/v2\/pages"}],"about":[{"href":"https:\/\/www.rqei.ca\/en\/wp-json\/wp\/v2\/types\/page"}],"author":[{"embeddable":true,"href":"https:\/\/www.rqei.ca\/en\/wp-json\/wp\/v2\/users\/10"}],"replies":[{"embeddable":true,"href":"https:\/\/www.rqei.ca\/en\/wp-json\/wp\/v2\/comments?post=8942"}],"version-history":[{"count":0,"href":"https:\/\/www.rqei.ca\/en\/wp-json\/wp\/v2\/pages\/8942\/revisions"}],"wp:attachment":[{"href":"https:\/\/www.rqei.ca\/en\/wp-json\/wp\/v2\/media?parent=8942"}],"curies":[{"name":"wp","href":"https:\/\/api.w.org\/{rel}","templated":true}]}}