{"id":8949,"date":"2020-07-24T14:39:12","date_gmt":"2020-07-24T18:39:12","guid":{"rendered":"https:\/\/www.rqei.ca\/?page_id=8949"},"modified":"2025-12-03T12:30:53","modified_gmt":"2025-12-03T17:30:53","slug":"home-2","status":"publish","type":"page","link":"https:\/\/www.rqei.ca\/en\/home-2\/","title":{"rendered":"Home"},"content":{"rendered":"<div class=\"wpb-content-wrapper\"><p>[vc_row][vc_column width=&#8221;5\/6&#8243;][stm_spacing lg_spacing=&#8221;85&#8243; md_spacing=&#8221;85&#8243; sm_spacing=&#8221;70&#8243; xs_spacing=&#8221;70&#8243;][rev_slider_vc alias=&#8221;home&#8221;][\/vc_column][vc_column width=&#8221;1\/6&#8243;][stm_spacing lg_spacing=&#8221;125&#8243; md_spacing=&#8221;125&#8243; sm_spacing=&#8221;70&#8243; xs_spacing=&#8221;70&#8243;][vc_raw_html]W21jNHdwX2Zvcm0gaWQ9IjYzNDMiXQ==[\/vc_raw_html][\/vc_column][\/vc_row][vc_row][vc_column width=&#8221;1\/4&#8243;][vc_empty_space height=&#8221;47px&#8221;][vc_btn title=&#8221;Our partners&#8221; color=&#8221;blue&#8221; size=&#8221;lg&#8221; align=&#8221;center&#8221; i_icon_fontawesome=&#8221;fa fa-users&#8221; add_icon=&#8221;true&#8221; link=&#8221;url:https%3A%2F%2Fwww.rqei.ca%2Fen%2F%3Fpage_id%3D8753|title:Partenaires|&#8221;][\/vc_column][vc_column width=&#8221;3\/4&#8243;][vc_raw_html]W2xvZ29zaG93Y2FzZSBkb3RzPSJmYWxzZSIgY2VudGVyX21vZGU9InRydWUiIHNsaWRlc19jb2x1bW49IjQiXQ==[\/vc_raw_html][\/vc_column][\/vc_row][vc_row full_width=&#8221;stretch_row&#8221; css=&#8221;.vc_custom_1555067837090{background-image: url(https:\/\/www.rqei.ca\/wp-content\/uploads\/2019\/03\/RQEI-14.jpg?id=5592) !important;background-position: center !important;background-repeat: no-repeat !important;background-size: cover !important;}&#8221; el_class=&#8221;overlay_4 fixed_bg&#8221;][vc_column][vc_custom_heading stripe_pos=&#8221;hide&#8221; stm_title_font_weight=&#8221;700&#8243; text=&#8221;Quebec Network on Smart Energy 63 RESEARCHERS, 500+ STUDENTS,<br \/>\n9 UNIVERSITIES, 5 CEGEPs<br \/>\nand several partners in the field&#8221; font_container=&#8221;tag:h3|text_align:center|color:%23ffffff|line_height:44px&#8221; use_theme_fonts=&#8221;yes&#8221; stripe_hide=&#8221;yes&#8221; subtitle_color=&#8221;#ffffff&#8221;][\/vc_column][\/vc_row][vc_row css=&#8221;.vc_custom_1547623783077{background-color: #ffffff !important;}&#8221;][vc_column][vc_empty_space height=&#8221;15px&#8221;][vc_custom_heading stripe_pos=&#8221;hide&#8221; text=&#8221;Scientific programming&#8221; font_container=&#8221;tag:h2|text_align:center&#8221; use_theme_fonts=&#8221;yes&#8221;][stm_animation_block animation=&#8221;fadeIn&#8221; animation_duration=&#8221;2&#8243; animation_delay=&#8221;0&#8243;][stm_services posts_per_page=&#8221;3&#8243; posts_per_row=&#8221;3&#8243; img_size=&#8221;medium&#8221; style=&#8221;style_2&#8243; service_cat2=&#8221;yes&#8221;][\/stm_animation_block][\/vc_column][\/vc_row][vc_row][vc_column width=&#8221;1\/2&#8243;][vc_custom_heading text=&#8221;News&#8221; use_theme_fonts=&#8221;yes&#8221;][stm_news loop=&#8221;size:3|order_by:date|order:DESC|post_type:post&#8221; posts_per_row=&#8221;1&#8243; disable_preview_image=&#8221;disable&#8221;][vc_empty_space][\/vc_column][vc_column width=&#8221;1\/2&#8243;][vc_custom_heading text=&#8221;Events&#8221; use_theme_fonts=&#8221;yes&#8221;][stm_events event_style=&#8221;widget&#8221; posts_per_page=&#8221;3&#8243;][vc_empty_space][\/vc_column][\/vc_row][vc_row full_width=&#8221;stretch_row&#8221; equal_height=&#8221;yes&#8221; css=&#8221;.vc_custom_1549359949074{background-color: #f3f3f3 !important;}&#8221;][vc_column][vc_empty_space][\/vc_column][\/vc_row]<\/p>\n<\/div>","protected":false},"excerpt":{"rendered":"<p>[vc_row][vc_column width=&#8221;5\/6&#8243;][stm_spacing lg_spacing=&#8221;85&#8243; md_spacing=&#8221;85&#8243; sm_spacing=&#8221;70&#8243; xs_spacing=&#8221;70&#8243;][rev_slider_vc alias=&#8221;home&#8221;][\/vc_column][vc_column width=&#8221;1\/6&#8243;][stm_spacing lg_spacing=&#8221;125&#8243; md_spacing=&#8221;125&#8243; sm_spacing=&#8221;70&#8243; xs_spacing=&#8221;70&#8243;][vc_raw_html]W21jNHdwX2Zvcm0gaWQ9IjYzNDMiXQ==[\/vc_raw_html][\/vc_column][\/vc_row][vc_row][vc_column width=&#8221;1\/4&#8243;][vc_empty_space height=&#8221;47px&#8221;][vc_btn title=&#8221;Our partners&#8221; color=&#8221;blue&#8221; size=&#8221;lg&#8221; align=&#8221;center&#8221; i_icon_fontawesome=&#8221;fa fa-users&#8221; add_icon=&#8221;true&#8221; link=&#8221;url:https%3A%2F%2Fwww.rqei.ca%2Fen%2F%3Fpage_id%3D8753|title:Partenaires|&#8221;][\/vc_column][vc_column width=&#8221;3\/4&#8243;][vc_raw_html]W2xvZ29zaG93Y2FzZSBkb3RzPSJmYWxzZSIgY2VudGVyX21vZGU9InRydWUiIHNsaWRlc19jb2x1bW49IjQiXQ==[\/vc_raw_html][\/vc_column][\/vc_row][vc_row full_width=&#8221;stretch_row&#8221; css=&#8221;.vc_custom_1555067837090{background-image: url(https:\/\/www.rqei.ca\/wp-content\/uploads\/2019\/03\/RQEI-14.jpg?id=5592) !important;background-position: center !important;background-repeat: no-repeat !important;background-size: cover !important;}&#8221; el_class=&#8221;overlay_4 fixed_bg&#8221;][vc_column][vc_custom_heading stripe_pos=&#8221;hide&#8221; stm_title_font_weight=&#8221;700&#8243; text=&#8221;Quebec Network on Smart Energy 63 RESEARCHERS, 500+ STUDENTS, 9 UNIVERSITIES, 5 CEGEPs and several partners in<\/p>\n","protected":false},"author":10,"featured_media":0,"parent":0,"menu_order":0,"comment_status":"closed","ping_status":"closed","template":"","meta":{"_monsterinsights_skip_tracking":false,"_monsterinsights_sitenote_active":false,"_monsterinsights_sitenote_note":"","_monsterinsights_sitenote_category":0,"_themeisle_gutenberg_block_has_review":false,"footnotes":""},"class_list":["post-8949","page","type-page","status-publish","hentry"],"yoast_head":"<!-- This site is optimized with the Yoast SEO plugin v24.5 - https:\/\/yoast.com\/wordpress\/plugins\/seo\/ -->\n<title>Home - RQEI<\/title>\n<meta name=\"robots\" content=\"index, follow, max-snippet:-1, max-image-preview:large, max-video-preview:-1\" \/>\n<link rel=\"canonical\" href=\"https:\/\/www.rqei.ca\/en\/home-2\/\" \/>\n<meta property=\"og:locale\" content=\"en_US\" \/>\n<meta property=\"og:type\" content=\"article\" \/>\n<meta property=\"og:title\" content=\"Home - RQEI\" \/>\n<meta property=\"og:description\" content=\"[vc_row][vc_column width=&#8221;5\/6&#8243;][stm_spacing lg_spacing=&#8221;85&#8243; md_spacing=&#8221;85&#8243; sm_spacing=&#8221;70&#8243; xs_spacing=&#8221;70&#8243;][rev_slider_vc alias=&#8221;home&#8221;][\/vc_column][vc_column width=&#8221;1\/6&#8243;][stm_spacing lg_spacing=&#8221;125&#8243; md_spacing=&#8221;125&#8243; sm_spacing=&#8221;70&#8243; xs_spacing=&#8221;70&#8243;][vc_raw_html]W21jNHdwX2Zvcm0gaWQ9IjYzNDMiXQ==[\/vc_raw_html][\/vc_column][\/vc_row][vc_row][vc_column width=&#8221;1\/4&#8243;][vc_empty_space height=&#8221;47px&#8221;][vc_btn title=&#8221;Our partners&#8221; color=&#8221;blue&#8221; size=&#8221;lg&#8221; align=&#8221;center&#8221; i_icon_fontawesome=&#8221;fa fa-users&#8221; add_icon=&#8221;true&#8221; link=&#8221;url:https%3A%2F%2Fwww.rqei.ca%2Fen%2F%3Fpage_id%3D8753|title:Partenaires|&#8221;][\/vc_column][vc_column width=&#8221;3\/4&#8243;][vc_raw_html]W2xvZ29zaG93Y2FzZSBkb3RzPSJmYWxzZSIgY2VudGVyX21vZGU9InRydWUiIHNsaWRlc19jb2x1bW49IjQiXQ==[\/vc_raw_html][\/vc_column][\/vc_row][vc_row full_width=&#8221;stretch_row&#8221; css=&#8221;.vc_custom_1555067837090{background-image: url(https:\/\/www.rqei.ca\/wp-content\/uploads\/2019\/03\/RQEI-14.jpg?id=5592) !important;background-position: center !important;background-repeat: no-repeat !important;background-size: cover !important;}&#8221; el_class=&#8221;overlay_4 fixed_bg&#8221;][vc_column][vc_custom_heading stripe_pos=&#8221;hide&#8221; stm_title_font_weight=&#8221;700&#8243; text=&#8221;Quebec Network on Smart Energy 63 RESEARCHERS, 500+ STUDENTS, 9 UNIVERSITIES, 5 CEGEPs and several partners in\" \/>\n<meta property=\"og:url\" content=\"https:\/\/www.rqei.ca\/en\/home-2\/\" \/>\n<meta property=\"og:site_name\" content=\"RQEI\" \/>\n<meta property=\"article:modified_time\" content=\"2025-12-03T17:30:53+00:00\" \/>\n<meta name=\"twitter:card\" content=\"summary_large_image\" \/>\n<meta name=\"twitter:label1\" content=\"Est. reading time\" \/>\n\t<meta name=\"twitter:data1\" content=\"1 minute\" \/>\n<script type=\"application\/ld+json\" class=\"yoast-schema-graph\">{\"@context\":\"https:\/\/schema.org\",\"@graph\":[{\"@type\":\"WebPage\",\"@id\":\"https:\/\/www.rqei.ca\/en\/home-2\/\",\"url\":\"https:\/\/www.rqei.ca\/en\/home-2\/\",\"name\":\"Home - RQEI\",\"isPartOf\":{\"@id\":\"https:\/\/www.rqei.ca\/en\/#website\"},\"datePublished\":\"2020-07-24T18:39:12+00:00\",\"dateModified\":\"2025-12-03T17:30:53+00:00\",\"breadcrumb\":{\"@id\":\"https:\/\/www.rqei.ca\/en\/home-2\/#breadcrumb\"},\"inLanguage\":\"en-US\",\"potentialAction\":[{\"@type\":\"ReadAction\",\"target\":[\"https:\/\/www.rqei.ca\/en\/home-2\/\"]}]},{\"@type\":\"BreadcrumbList\",\"@id\":\"https:\/\/www.rqei.ca\/en\/home-2\/#breadcrumb\",\"itemListElement\":[{\"@type\":\"ListItem\",\"position\":1,\"name\":\"Accueil\",\"item\":\"https:\/\/www.rqei.ca\/en\/\"},{\"@type\":\"ListItem\",\"position\":2,\"name\":\"Home\"}]},{\"@type\":\"WebSite\",\"@id\":\"https:\/\/www.rqei.ca\/en\/#website\",\"url\":\"https:\/\/www.rqei.ca\/en\/\",\"name\":\"RQEI\",\"description\":\"R\u00e9seau qu\u00e9b\u00e9cois sur l&#039;\u00e9nergie intelligente\",\"publisher\":{\"@id\":\"https:\/\/www.rqei.ca\/en\/#organization\"},\"potentialAction\":[{\"@type\":\"SearchAction\",\"target\":{\"@type\":\"EntryPoint\",\"urlTemplate\":\"https:\/\/www.rqei.ca\/en\/?s={search_term_string}\"},\"query-input\":{\"@type\":\"PropertyValueSpecification\",\"valueRequired\":true,\"valueName\":\"search_term_string\"}}],\"inLanguage\":\"en-US\"},{\"@type\":\"Organization\",\"@id\":\"https:\/\/www.rqei.ca\/en\/#organization\",\"name\":\"R\u00e9seau qu\u00e9b\u00e9cois sur l'\u00e9nergie intelligente\",\"url\":\"https:\/\/www.rqei.ca\/en\/\",\"logo\":{\"@type\":\"ImageObject\",\"inLanguage\":\"en-US\",\"@id\":\"https:\/\/www.rqei.ca\/en\/#\/schema\/logo\/image\/\",\"url\":\"https:\/\/www.rqei.ca\/wp-content\/uploads\/2019\/03\/frqnt_logo2.png\",\"contentUrl\":\"https:\/\/www.rqei.ca\/wp-content\/uploads\/2019\/03\/frqnt_logo2.png\",\"width\":958,\"height\":824,\"caption\":\"R\u00e9seau qu\u00e9b\u00e9cois sur l'\u00e9nergie intelligente\"},\"image\":{\"@id\":\"https:\/\/www.rqei.ca\/en\/#\/schema\/logo\/image\/\"}}]}<\/script>\n<!-- \/ Yoast SEO plugin. -->","yoast_head_json":{"title":"Home - RQEI","robots":{"index":"index","follow":"follow","max-snippet":"max-snippet:-1","max-image-preview":"max-image-preview:large","max-video-preview":"max-video-preview:-1"},"canonical":"https:\/\/www.rqei.ca\/en\/home-2\/","og_locale":"en_US","og_type":"article","og_title":"Home - RQEI","og_description":"[vc_row][vc_column width=&#8221;5\/6&#8243;][stm_spacing lg_spacing=&#8221;85&#8243; md_spacing=&#8221;85&#8243; sm_spacing=&#8221;70&#8243; xs_spacing=&#8221;70&#8243;][rev_slider_vc alias=&#8221;home&#8221;][\/vc_column][vc_column width=&#8221;1\/6&#8243;][stm_spacing lg_spacing=&#8221;125&#8243; md_spacing=&#8221;125&#8243; sm_spacing=&#8221;70&#8243; xs_spacing=&#8221;70&#8243;][vc_raw_html]W21jNHdwX2Zvcm0gaWQ9IjYzNDMiXQ==[\/vc_raw_html][\/vc_column][\/vc_row][vc_row][vc_column width=&#8221;1\/4&#8243;][vc_empty_space height=&#8221;47px&#8221;][vc_btn title=&#8221;Our partners&#8221; color=&#8221;blue&#8221; size=&#8221;lg&#8221; align=&#8221;center&#8221; i_icon_fontawesome=&#8221;fa fa-users&#8221; add_icon=&#8221;true&#8221; link=&#8221;url:https%3A%2F%2Fwww.rqei.ca%2Fen%2F%3Fpage_id%3D8753|title:Partenaires|&#8221;][\/vc_column][vc_column width=&#8221;3\/4&#8243;][vc_raw_html]W2xvZ29zaG93Y2FzZSBkb3RzPSJmYWxzZSIgY2VudGVyX21vZGU9InRydWUiIHNsaWRlc19jb2x1bW49IjQiXQ==[\/vc_raw_html][\/vc_column][\/vc_row][vc_row full_width=&#8221;stretch_row&#8221; css=&#8221;.vc_custom_1555067837090{background-image: url(https:\/\/www.rqei.ca\/wp-content\/uploads\/2019\/03\/RQEI-14.jpg?id=5592) !important;background-position: center !important;background-repeat: no-repeat !important;background-size: cover !important;}&#8221; el_class=&#8221;overlay_4 fixed_bg&#8221;][vc_column][vc_custom_heading stripe_pos=&#8221;hide&#8221; stm_title_font_weight=&#8221;700&#8243; text=&#8221;Quebec Network on Smart Energy 63 RESEARCHERS, 500+ STUDENTS, 9 UNIVERSITIES, 5 CEGEPs and several partners in","og_url":"https:\/\/www.rqei.ca\/en\/home-2\/","og_site_name":"RQEI","article_modified_time":"2025-12-03T17:30:53+00:00","twitter_card":"summary_large_image","twitter_misc":{"Est. reading time":"1 minute"},"schema":{"@context":"https:\/\/schema.org","@graph":[{"@type":"WebPage","@id":"https:\/\/www.rqei.ca\/en\/home-2\/","url":"https:\/\/www.rqei.ca\/en\/home-2\/","name":"Home - RQEI","isPartOf":{"@id":"https:\/\/www.rqei.ca\/en\/#website"},"datePublished":"2020-07-24T18:39:12+00:00","dateModified":"2025-12-03T17:30:53+00:00","breadcrumb":{"@id":"https:\/\/www.rqei.ca\/en\/home-2\/#breadcrumb"},"inLanguage":"en-US","potentialAction":[{"@type":"ReadAction","target":["https:\/\/www.rqei.ca\/en\/home-2\/"]}]},{"@type":"BreadcrumbList","@id":"https:\/\/www.rqei.ca\/en\/home-2\/#breadcrumb","itemListElement":[{"@type":"ListItem","position":1,"name":"Accueil","item":"https:\/\/www.rqei.ca\/en\/"},{"@type":"ListItem","position":2,"name":"Home"}]},{"@type":"WebSite","@id":"https:\/\/www.rqei.ca\/en\/#website","url":"https:\/\/www.rqei.ca\/en\/","name":"RQEI","description":"R\u00e9seau qu\u00e9b\u00e9cois sur l&#039;\u00e9nergie intelligente","publisher":{"@id":"https:\/\/www.rqei.ca\/en\/#organization"},"potentialAction":[{"@type":"SearchAction","target":{"@type":"EntryPoint","urlTemplate":"https:\/\/www.rqei.ca\/en\/?s={search_term_string}"},"query-input":{"@type":"PropertyValueSpecification","valueRequired":true,"valueName":"search_term_string"}}],"inLanguage":"en-US"},{"@type":"Organization","@id":"https:\/\/www.rqei.ca\/en\/#organization","name":"R\u00e9seau qu\u00e9b\u00e9cois sur l'\u00e9nergie intelligente","url":"https:\/\/www.rqei.ca\/en\/","logo":{"@type":"ImageObject","inLanguage":"en-US","@id":"https:\/\/www.rqei.ca\/en\/#\/schema\/logo\/image\/","url":"https:\/\/www.rqei.ca\/wp-content\/uploads\/2019\/03\/frqnt_logo2.png","contentUrl":"https:\/\/www.rqei.ca\/wp-content\/uploads\/2019\/03\/frqnt_logo2.png","width":958,"height":824,"caption":"R\u00e9seau qu\u00e9b\u00e9cois sur l'\u00e9nergie intelligente"},"image":{"@id":"https:\/\/www.rqei.ca\/en\/#\/schema\/logo\/image\/"}}]}},"_links":{"self":[{"href":"https:\/\/www.rqei.ca\/en\/wp-json\/wp\/v2\/pages\/8949","targetHints":{"allow":["GET"]}}],"collection":[{"href":"https:\/\/www.rqei.ca\/en\/wp-json\/wp\/v2\/pages"}],"about":[{"href":"https:\/\/www.rqei.ca\/en\/wp-json\/wp\/v2\/types\/page"}],"author":[{"embeddable":true,"href":"https:\/\/www.rqei.ca\/en\/wp-json\/wp\/v2\/users\/10"}],"replies":[{"embeddable":true,"href":"https:\/\/www.rqei.ca\/en\/wp-json\/wp\/v2\/comments?post=8949"}],"version-history":[{"count":0,"href":"https:\/\/www.rqei.ca\/en\/wp-json\/wp\/v2\/pages\/8949\/revisions"}],"wp:attachment":[{"href":"https:\/\/www.rqei.ca\/en\/wp-json\/wp\/v2\/media?parent=8949"}],"curies":[{"name":"wp","href":"https:\/\/api.w.org\/{rel}","templated":true}]}}