{"id":9001,"date":"2019-03-12T13:34:26","date_gmt":"2019-03-12T17:34:26","guid":{"rendered":"https:\/\/www.rqei.ca\/internship-of-excellence-competition\/students\/graduate-scholarships\/"},"modified":"2025-11-10T14:51:05","modified_gmt":"2025-11-10T19:51:05","slug":"graduate-scholarships","status":"publish","type":"page","link":"https:\/\/www.rqei.ca\/en\/internship-of-excellence-competition\/students\/graduate-scholarships\/","title":{"rendered":"Graduate Scholarships"},"content":{"rendered":"<div class=\"wpb-content-wrapper\"><p>[vc_row][vc_column][\/vc_column][\/vc_row][vc_row][vc_column][vc_empty_space][vc_column_text]<\/p>\n<h1>Scholarships for Graduate Students 2020 Competition<\/h1>\n<pre><strong>Application Deadline: April 30, 2020<\/strong><\/pre>\n<p>Six $10,000 awards for master&#8217;s students<\/p>\n<p><strong>This competition is open to all students in the Network, with no restrictions as to citizenship or residency.<\/strong><\/p>\n<p><strong>Conditions to be met:<\/strong><\/p>\n<ol>\n<li>The Project must be related to the RQEI&#8217;s scientific program (<a href=\"https:\/\/www.rqei.ca\/en\/research\/\">https:\/\/www.rqei.ca\/recherche\/<\/a>);<\/li>\n<li>The student must be co-supervised by two (2) professors who are regular members of the Network and belong to different institutions;<\/li>\n<li>The applicant must be enrolled full-time in one of the research master&#8217;s programs of one of the partner institutions for the duration of the scholarship<\/li>\n<li>Graduate students who wish to do an internship in a practical environment attached to a college-level educational institution are encouraged to submit a project.<\/li>\n<\/ol>\n<p>&nbsp;<\/p>\n<pre><strong>Download the funding application form: \r\n<a href=\"https:\/\/www.rqei.ca\/wp-content\/uploads\/2020\/01\/RQEI-Formulaire-de-financement-des-concours-%C3%A9tudiants-VF.docx\">RQEI - 2020 Student Competition Funding Form<\/a><\/strong><\/pre>\n<p>[\/vc_column_text][vc_empty_space][\/vc_column][\/vc_row][vc_row][vc_column][vc_column_text]<\/p>\n<h2><strong>To complete an application, students must first register on the RQEI website:<\/strong><\/h2>\n<p>[\/vc_column_text][vc_btn title=&#8221;Check in&#8221; color=&#8221;warning&#8221; align=&#8221;center&#8221; link=&#8221;url:https%3A%2F%2Fwww.rqei.ca%2Fen%2Fregistration-form-qsn-student%2F|&#8221;][\/vc_column][\/vc_row][vc_row][vc_column][vc_empty_space][\/vc_column][\/vc_row]<\/p>\n<\/div>","protected":false},"excerpt":{"rendered":"<p>[vc_row][vc_column][\/vc_column][\/vc_row][vc_row][vc_column][vc_empty_space][vc_column_text] Scholarships for Graduate Students 2020 Competition Application Deadline: April 30, 2020 Six $10,000 awards for master&#8217;s students This competition is open to all students in the Network, with no restrictions as to citizenship or residency. Conditions to be met: The Project must be related to the RQEI&#8217;s scientific program (https:\/\/www.rqei.ca\/recherche\/); The student must be<\/p>\n","protected":false},"author":2,"featured_media":0,"parent":8998,"menu_order":42,"comment_status":"closed","ping_status":"closed","template":"","meta":{"_monsterinsights_skip_tracking":false,"_monsterinsights_sitenote_active":false,"_monsterinsights_sitenote_note":"","_monsterinsights_sitenote_category":0,"_themeisle_gutenberg_block_has_review":false,"footnotes":""},"class_list":["post-9001","page","type-page","status-publish","hentry"],"yoast_head":"<!-- This site is optimized with the Yoast SEO plugin v24.5 - https:\/\/yoast.com\/wordpress\/plugins\/seo\/ -->\n<title>Graduate Scholarships - RQEI<\/title>\n<meta name=\"description\" content=\"EQIR, EQEI, EQEI, intelligent energy, quebec RQEI, EQEI, QEI, quebec gridRQEI, QEI, QEI, intelligent energy, quebec RQEI, EQEI, QEI, quebec grid\" \/>\n<meta name=\"robots\" content=\"index, follow, max-snippet:-1, max-image-preview:large, max-video-preview:-1\" \/>\n<link rel=\"canonical\" href=\"https:\/\/www.rqei.ca\/en\/internship-of-excellence-competition\/students\/graduate-scholarships\/\" \/>\n<meta property=\"og:locale\" content=\"en_US\" \/>\n<meta property=\"og:type\" content=\"article\" \/>\n<meta property=\"og:title\" content=\"Graduate Scholarships - RQEI\" \/>\n<meta property=\"og:description\" content=\"EQIR, EQEI, EQEI, intelligent energy, quebec RQEI, EQEI, QEI, quebec gridRQEI, QEI, QEI, intelligent energy, quebec RQEI, EQEI, QEI, quebec grid\" \/>\n<meta property=\"og:url\" content=\"https:\/\/www.rqei.ca\/en\/internship-of-excellence-competition\/students\/graduate-scholarships\/\" \/>\n<meta property=\"og:site_name\" content=\"RQEI\" \/>\n<meta property=\"article:modified_time\" content=\"2025-11-10T19:51:05+00:00\" \/>\n<meta name=\"twitter:card\" content=\"summary_large_image\" \/>\n<meta name=\"twitter:label1\" content=\"Est. reading time\" \/>\n\t<meta name=\"twitter:data1\" content=\"1 minute\" \/>\n<script type=\"application\/ld+json\" class=\"yoast-schema-graph\">{\"@context\":\"https:\/\/schema.org\",\"@graph\":[{\"@type\":\"WebPage\",\"@id\":\"https:\/\/www.rqei.ca\/en\/internship-of-excellence-competition\/students\/graduate-scholarships\/\",\"url\":\"https:\/\/www.rqei.ca\/en\/internship-of-excellence-competition\/students\/graduate-scholarships\/\",\"name\":\"Graduate Scholarships - RQEI\",\"isPartOf\":{\"@id\":\"https:\/\/www.rqei.ca\/en\/#website\"},\"datePublished\":\"2019-03-12T17:34:26+00:00\",\"dateModified\":\"2025-11-10T19:51:05+00:00\",\"description\":\"EQIR, EQEI, EQEI, intelligent energy, quebec RQEI, EQEI, QEI, quebec gridRQEI, QEI, QEI, intelligent energy, quebec RQEI, EQEI, QEI, quebec grid\",\"breadcrumb\":{\"@id\":\"https:\/\/www.rqei.ca\/en\/internship-of-excellence-competition\/students\/graduate-scholarships\/#breadcrumb\"},\"inLanguage\":\"en-US\",\"potentialAction\":[{\"@type\":\"ReadAction\",\"target\":[\"https:\/\/www.rqei.ca\/en\/internship-of-excellence-competition\/students\/graduate-scholarships\/\"]}]},{\"@type\":\"BreadcrumbList\",\"@id\":\"https:\/\/www.rqei.ca\/en\/internship-of-excellence-competition\/students\/graduate-scholarships\/#breadcrumb\",\"itemListElement\":[{\"@type\":\"ListItem\",\"position\":1,\"name\":\"Accueil\",\"item\":\"https:\/\/www.rqei.ca\/en\/\"},{\"@type\":\"ListItem\",\"position\":2,\"name\":\"Internship of Excellence Competition\",\"item\":\"https:\/\/www.rqei.ca\/en\/internship-of-excellence-competition\/\"},{\"@type\":\"ListItem\",\"position\":3,\"name\":\"Students\",\"item\":\"https:\/\/www.rqei.ca\/en\/internship-of-excellence-competition\/students\/\"},{\"@type\":\"ListItem\",\"position\":4,\"name\":\"Graduate Scholarships\"}]},{\"@type\":\"WebSite\",\"@id\":\"https:\/\/www.rqei.ca\/en\/#website\",\"url\":\"https:\/\/www.rqei.ca\/en\/\",\"name\":\"RQEI\",\"description\":\"R\u00e9seau qu\u00e9b\u00e9cois sur l&#039;\u00e9nergie intelligente\",\"publisher\":{\"@id\":\"https:\/\/www.rqei.ca\/en\/#organization\"},\"potentialAction\":[{\"@type\":\"SearchAction\",\"target\":{\"@type\":\"EntryPoint\",\"urlTemplate\":\"https:\/\/www.rqei.ca\/en\/?s={search_term_string}\"},\"query-input\":{\"@type\":\"PropertyValueSpecification\",\"valueRequired\":true,\"valueName\":\"search_term_string\"}}],\"inLanguage\":\"en-US\"},{\"@type\":\"Organization\",\"@id\":\"https:\/\/www.rqei.ca\/en\/#organization\",\"name\":\"R\u00e9seau qu\u00e9b\u00e9cois sur l'\u00e9nergie intelligente\",\"url\":\"https:\/\/www.rqei.ca\/en\/\",\"logo\":{\"@type\":\"ImageObject\",\"inLanguage\":\"en-US\",\"@id\":\"https:\/\/www.rqei.ca\/en\/#\/schema\/logo\/image\/\",\"url\":\"https:\/\/www.rqei.ca\/wp-content\/uploads\/2019\/03\/frqnt_logo2.png\",\"contentUrl\":\"https:\/\/www.rqei.ca\/wp-content\/uploads\/2019\/03\/frqnt_logo2.png\",\"width\":958,\"height\":824,\"caption\":\"R\u00e9seau qu\u00e9b\u00e9cois sur l'\u00e9nergie intelligente\"},\"image\":{\"@id\":\"https:\/\/www.rqei.ca\/en\/#\/schema\/logo\/image\/\"}}]}<\/script>\n<!-- \/ Yoast SEO plugin. -->","yoast_head_json":{"title":"Graduate Scholarships - RQEI","description":"EQIR, EQEI, EQEI, intelligent energy, quebec RQEI, EQEI, QEI, quebec gridRQEI, QEI, QEI, intelligent energy, quebec RQEI, EQEI, QEI, quebec grid","robots":{"index":"index","follow":"follow","max-snippet":"max-snippet:-1","max-image-preview":"max-image-preview:large","max-video-preview":"max-video-preview:-1"},"canonical":"https:\/\/www.rqei.ca\/en\/internship-of-excellence-competition\/students\/graduate-scholarships\/","og_locale":"en_US","og_type":"article","og_title":"Graduate Scholarships - RQEI","og_description":"EQIR, EQEI, EQEI, intelligent energy, quebec RQEI, EQEI, QEI, quebec gridRQEI, QEI, QEI, intelligent energy, quebec RQEI, EQEI, QEI, quebec grid","og_url":"https:\/\/www.rqei.ca\/en\/internship-of-excellence-competition\/students\/graduate-scholarships\/","og_site_name":"RQEI","article_modified_time":"2025-11-10T19:51:05+00:00","twitter_card":"summary_large_image","twitter_misc":{"Est. reading time":"1 minute"},"schema":{"@context":"https:\/\/schema.org","@graph":[{"@type":"WebPage","@id":"https:\/\/www.rqei.ca\/en\/internship-of-excellence-competition\/students\/graduate-scholarships\/","url":"https:\/\/www.rqei.ca\/en\/internship-of-excellence-competition\/students\/graduate-scholarships\/","name":"Graduate Scholarships - RQEI","isPartOf":{"@id":"https:\/\/www.rqei.ca\/en\/#website"},"datePublished":"2019-03-12T17:34:26+00:00","dateModified":"2025-11-10T19:51:05+00:00","description":"EQIR, EQEI, EQEI, intelligent energy, quebec RQEI, EQEI, QEI, quebec gridRQEI, QEI, QEI, intelligent energy, quebec RQEI, EQEI, QEI, quebec grid","breadcrumb":{"@id":"https:\/\/www.rqei.ca\/en\/internship-of-excellence-competition\/students\/graduate-scholarships\/#breadcrumb"},"inLanguage":"en-US","potentialAction":[{"@type":"ReadAction","target":["https:\/\/www.rqei.ca\/en\/internship-of-excellence-competition\/students\/graduate-scholarships\/"]}]},{"@type":"BreadcrumbList","@id":"https:\/\/www.rqei.ca\/en\/internship-of-excellence-competition\/students\/graduate-scholarships\/#breadcrumb","itemListElement":[{"@type":"ListItem","position":1,"name":"Accueil","item":"https:\/\/www.rqei.ca\/en\/"},{"@type":"ListItem","position":2,"name":"Internship of Excellence Competition","item":"https:\/\/www.rqei.ca\/en\/internship-of-excellence-competition\/"},{"@type":"ListItem","position":3,"name":"Students","item":"https:\/\/www.rqei.ca\/en\/internship-of-excellence-competition\/students\/"},{"@type":"ListItem","position":4,"name":"Graduate Scholarships"}]},{"@type":"WebSite","@id":"https:\/\/www.rqei.ca\/en\/#website","url":"https:\/\/www.rqei.ca\/en\/","name":"RQEI","description":"R\u00e9seau qu\u00e9b\u00e9cois sur l&#039;\u00e9nergie intelligente","publisher":{"@id":"https:\/\/www.rqei.ca\/en\/#organization"},"potentialAction":[{"@type":"SearchAction","target":{"@type":"EntryPoint","urlTemplate":"https:\/\/www.rqei.ca\/en\/?s={search_term_string}"},"query-input":{"@type":"PropertyValueSpecification","valueRequired":true,"valueName":"search_term_string"}}],"inLanguage":"en-US"},{"@type":"Organization","@id":"https:\/\/www.rqei.ca\/en\/#organization","name":"R\u00e9seau qu\u00e9b\u00e9cois sur l'\u00e9nergie intelligente","url":"https:\/\/www.rqei.ca\/en\/","logo":{"@type":"ImageObject","inLanguage":"en-US","@id":"https:\/\/www.rqei.ca\/en\/#\/schema\/logo\/image\/","url":"https:\/\/www.rqei.ca\/wp-content\/uploads\/2019\/03\/frqnt_logo2.png","contentUrl":"https:\/\/www.rqei.ca\/wp-content\/uploads\/2019\/03\/frqnt_logo2.png","width":958,"height":824,"caption":"R\u00e9seau qu\u00e9b\u00e9cois sur l'\u00e9nergie intelligente"},"image":{"@id":"https:\/\/www.rqei.ca\/en\/#\/schema\/logo\/image\/"}}]}},"_links":{"self":[{"href":"https:\/\/www.rqei.ca\/en\/wp-json\/wp\/v2\/pages\/9001","targetHints":{"allow":["GET"]}}],"collection":[{"href":"https:\/\/www.rqei.ca\/en\/wp-json\/wp\/v2\/pages"}],"about":[{"href":"https:\/\/www.rqei.ca\/en\/wp-json\/wp\/v2\/types\/page"}],"author":[{"embeddable":true,"href":"https:\/\/www.rqei.ca\/en\/wp-json\/wp\/v2\/users\/2"}],"replies":[{"embeddable":true,"href":"https:\/\/www.rqei.ca\/en\/wp-json\/wp\/v2\/comments?post=9001"}],"version-history":[{"count":0,"href":"https:\/\/www.rqei.ca\/en\/wp-json\/wp\/v2\/pages\/9001\/revisions"}],"up":[{"embeddable":true,"href":"https:\/\/www.rqei.ca\/en\/wp-json\/wp\/v2\/pages\/8998"}],"wp:attachment":[{"href":"https:\/\/www.rqei.ca\/en\/wp-json\/wp\/v2\/media?parent=9001"}],"curies":[{"name":"wp","href":"https:\/\/api.w.org\/{rel}","templated":true}]}}